{"id":3562,"date":"2019-10-10T14:19:40","date_gmt":"2019-10-10T14:19:40","guid":{"rendered":"https:\/\/kimmidoll.hu\/?post_type=product&#038;p=3562"},"modified":"2022-01-17T13:20:52","modified_gmt":"2022-01-17T13:20:52","slug":"dasha-unikornis-bambusz-pohar-cch003","status":"publish","type":"product","link":"https:\/\/kimmidoll.hu\/en\/shop\/dasha-unikornis-bambusz-pohar-cch003\/","title":{"rendered":"Dasha Unikornis Bambusz poh\u00e1r CCH003"},"content":{"rendered":"<p>80%-ban bambusz t\u00f6rmel\u00e9kb\u0151l k\u00e9sz\u00fclt.<\/p>\n<p>magass\u00e1g: 93mm, sz\u00e9less\u00e9g: 77mm<\/p>\n<p>\u0171rtartalom: 300ml<\/p>\n<p>fogmos\u00f3 poh\u00e1rnak is kit\u0171n\u0151 \ud83d\ude09<\/p>\n<p>vir\u00e1gocska d\u00edsz\u00edt\u00e9ssel<\/p>\n","protected":false},"excerpt":{"rendered":"<p>Dasha, &#8220;az \u00e9let sz\u00e9p, mint amilyen te vagy!&#8221;<\/p>\n<p>&nbsp;<\/p>\n","protected":false},"featured_media":3530,"comment_status":"closed","ping_status":"closed","template":"","meta":[],"product_cat":[120],"product_tag":[],"aioseo_notices":[],"_links":{"self":[{"href":"https:\/\/kimmidoll.hu\/en\/wp-json\/wp\/v2\/product\/3562"}],"collection":[{"href":"https:\/\/kimmidoll.hu\/en\/wp-json\/wp\/v2\/product"}],"about":[{"href":"https:\/\/kimmidoll.hu\/en\/wp-json\/wp\/v2\/types\/product"}],"replies":[{"embeddable":true,"href":"https:\/\/kimmidoll.hu\/en\/wp-json\/wp\/v2\/comments?post=3562"}],"wp:featuredmedia":[{"embeddable":true,"href":"https:\/\/kimmidoll.hu\/en\/wp-json\/wp\/v2\/media\/3530"}],"wp:attachment":[{"href":"https:\/\/kimmidoll.hu\/en\/wp-json\/wp\/v2\/media?parent=3562"}],"wp:term":[{"taxonomy":"product_cat","embeddable":true,"href":"https:\/\/kimmidoll.hu\/en\/wp-json\/wp\/v2\/product_cat?post=3562"},{"taxonomy":"product_tag","embeddable":true,"href":"https:\/\/kimmidoll.hu\/en\/wp-json\/wp\/v2\/product_tag?post=3562"}],"curies":[{"name":"wp","href":"https:\/\/api.w.org\/{rel}","templated":true}]}}