{"id":3559,"date":"2019-10-10T14:00:07","date_gmt":"2019-10-10T14:00:07","guid":{"rendered":"https:\/\/kimmidoll.hu\/?post_type=product&#038;p=3559"},"modified":"2023-03-06T15:02:35","modified_gmt":"2023-03-06T15:02:35","slug":"dasha-unikornis-tornazsak-ccf047","status":"publish","type":"product","link":"https:\/\/kimmidoll.hu\/en\/shop\/dasha-unikornis-tornazsak-ccf047\/","title":{"rendered":"Dasha Unikornis Tornazs\u00e1k CCF047"},"content":{"rendered":"<p>magass\u00e1g: 415 mm, sz\u00e9less\u00e9g: 340 mm<\/p>\n<p>vir\u00e1gocska d\u00edsz\u00edt\u00e9ssel<\/p>\n","protected":false},"excerpt":{"rendered":"<p>Dasha, &#8220;az \u00e9let sz\u00e9p, mint amilyen te vagy!&#8221;<\/p>\n<p>&nbsp;<\/p>\n","protected":false},"featured_media":3538,"comment_status":"closed","ping_status":"closed","template":"","meta":[],"product_cat":[120],"product_tag":[],"aioseo_notices":[],"_links":{"self":[{"href":"https:\/\/kimmidoll.hu\/en\/wp-json\/wp\/v2\/product\/3559"}],"collection":[{"href":"https:\/\/kimmidoll.hu\/en\/wp-json\/wp\/v2\/product"}],"about":[{"href":"https:\/\/kimmidoll.hu\/en\/wp-json\/wp\/v2\/types\/product"}],"replies":[{"embeddable":true,"href":"https:\/\/kimmidoll.hu\/en\/wp-json\/wp\/v2\/comments?post=3559"}],"wp:featuredmedia":[{"embeddable":true,"href":"https:\/\/kimmidoll.hu\/en\/wp-json\/wp\/v2\/media\/3538"}],"wp:attachment":[{"href":"https:\/\/kimmidoll.hu\/en\/wp-json\/wp\/v2\/media?parent=3559"}],"wp:term":[{"taxonomy":"product_cat","embeddable":true,"href":"https:\/\/kimmidoll.hu\/en\/wp-json\/wp\/v2\/product_cat?post=3559"},{"taxonomy":"product_tag","embeddable":true,"href":"https:\/\/kimmidoll.hu\/en\/wp-json\/wp\/v2\/product_tag?post=3559"}],"curies":[{"name":"wp","href":"https:\/\/api.w.org\/{rel}","templated":true}]}}