{"id":3558,"date":"2019-10-10T13:56:49","date_gmt":"2019-10-10T13:56:49","guid":{"rendered":"https:\/\/kimmidoll.hu\/?post_type=product&#038;p=3558"},"modified":"2022-08-09T20:42:06","modified_gmt":"2022-08-09T20:42:06","slug":"bubblegum-unikornis-tornazsak-ccf046","status":"publish","type":"product","link":"https:\/\/kimmidoll.hu\/en\/shop\/bubblegum-unikornis-tornazsak-ccf046\/","title":{"rendered":"Bubblegum Unikornis Tornazs\u00e1k CCF046"},"content":{"rendered":"<p>magass\u00e1g: 415 mm, sz\u00e9less\u00e9g: 340 mm<\/p>\n<p>fagyi \u00e9s sz\u00edvecske d\u00edsz\u00edt\u00e9ssel<\/p>\n","protected":false},"excerpt":{"rendered":"<p>Bubblegum, &#8220;mindig megnevettetsz!&#8221;<\/p>\n<p>&nbsp;<\/p>\n","protected":false},"featured_media":3536,"comment_status":"closed","ping_status":"closed","template":"","meta":[],"product_cat":[120],"product_tag":[],"aioseo_notices":[],"_links":{"self":[{"href":"https:\/\/kimmidoll.hu\/en\/wp-json\/wp\/v2\/product\/3558"}],"collection":[{"href":"https:\/\/kimmidoll.hu\/en\/wp-json\/wp\/v2\/product"}],"about":[{"href":"https:\/\/kimmidoll.hu\/en\/wp-json\/wp\/v2\/types\/product"}],"replies":[{"embeddable":true,"href":"https:\/\/kimmidoll.hu\/en\/wp-json\/wp\/v2\/comments?post=3558"}],"wp:featuredmedia":[{"embeddable":true,"href":"https:\/\/kimmidoll.hu\/en\/wp-json\/wp\/v2\/media\/3536"}],"wp:attachment":[{"href":"https:\/\/kimmidoll.hu\/en\/wp-json\/wp\/v2\/media?parent=3558"}],"wp:term":[{"taxonomy":"product_cat","embeddable":true,"href":"https:\/\/kimmidoll.hu\/en\/wp-json\/wp\/v2\/product_cat?post=3558"},{"taxonomy":"product_tag","embeddable":true,"href":"https:\/\/kimmidoll.hu\/en\/wp-json\/wp\/v2\/product_tag?post=3558"}],"curies":[{"name":"wp","href":"https:\/\/api.w.org\/{rel}","templated":true}]}}