{"id":3557,"date":"2019-10-10T13:51:04","date_gmt":"2019-10-10T13:51:04","guid":{"rendered":"https:\/\/kimmidoll.hu\/?post_type=product&#038;p=3557"},"modified":"2022-08-09T20:42:06","modified_gmt":"2022-08-09T20:42:06","slug":"bella-unikornis-tornazsak-ccf045","status":"publish","type":"product","link":"https:\/\/kimmidoll.hu\/en\/shop\/bella-unikornis-tornazsak-ccf045\/","title":{"rendered":"Bella Unikornis Tornazs\u00e1k CCF045"},"content":{"rendered":"<p>magass\u00e1g: 415 mm, sz\u00e9less\u00e9g: 340 mm<\/p>\n<p>eprecske d\u00edsz\u00edt\u00e9ssel<\/p>\n","protected":false},"excerpt":{"rendered":"<p>Bella, &#8220;mutasd ki a szereteted!&#8221;<\/p>\n<p>&nbsp;<\/p>\n","protected":false},"featured_media":3534,"comment_status":"closed","ping_status":"closed","template":"","meta":[],"product_cat":[120],"product_tag":[],"aioseo_notices":[],"_links":{"self":[{"href":"https:\/\/kimmidoll.hu\/en\/wp-json\/wp\/v2\/product\/3557"}],"collection":[{"href":"https:\/\/kimmidoll.hu\/en\/wp-json\/wp\/v2\/product"}],"about":[{"href":"https:\/\/kimmidoll.hu\/en\/wp-json\/wp\/v2\/types\/product"}],"replies":[{"embeddable":true,"href":"https:\/\/kimmidoll.hu\/en\/wp-json\/wp\/v2\/comments?post=3557"}],"wp:featuredmedia":[{"embeddable":true,"href":"https:\/\/kimmidoll.hu\/en\/wp-json\/wp\/v2\/media\/3534"}],"wp:attachment":[{"href":"https:\/\/kimmidoll.hu\/en\/wp-json\/wp\/v2\/media?parent=3557"}],"wp:term":[{"taxonomy":"product_cat","embeddable":true,"href":"https:\/\/kimmidoll.hu\/en\/wp-json\/wp\/v2\/product_cat?post=3557"},{"taxonomy":"product_tag","embeddable":true,"href":"https:\/\/kimmidoll.hu\/en\/wp-json\/wp\/v2\/product_tag?post=3557"}],"curies":[{"name":"wp","href":"https:\/\/api.w.org\/{rel}","templated":true}]}}