{"id":3555,"date":"2019-10-10T13:32:42","date_gmt":"2019-10-10T13:32:42","guid":{"rendered":"https:\/\/kimmidoll.hu\/?post_type=product&#038;p=3555"},"modified":"2022-12-26T16:53:31","modified_gmt":"2022-12-26T16:53:31","slug":"dasha-unikornis-hajkefe-ccf029","status":"publish","type":"product","link":"https:\/\/kimmidoll.hu\/en\/shop\/dasha-unikornis-hajkefe-ccf029\/","title":{"rendered":"Dasha Unikornis Hajkefe CCF029"},"content":{"rendered":"<p>m\u0171anyag hajkefe, r\u00e1nyomott mint\u00e1val.<\/p>\n<p>Hossza: 225 mm, sz\u00e9less\u00e9g: 66 mm<\/p>\n<p>vir\u00e1gocska d\u00edsz\u00edt\u00e9ssel<\/p>\n","protected":false},"excerpt":{"rendered":"<p>Dasha, &#8220;az \u00e9let sz\u00e9p, mint amilyen te vagy!&#8221;<\/p>\n<p>&nbsp;<\/p>\n","protected":false},"featured_media":3544,"comment_status":"closed","ping_status":"closed","template":"","meta":[],"product_cat":[120],"product_tag":[],"aioseo_notices":[],"_links":{"self":[{"href":"https:\/\/kimmidoll.hu\/en\/wp-json\/wp\/v2\/product\/3555"}],"collection":[{"href":"https:\/\/kimmidoll.hu\/en\/wp-json\/wp\/v2\/product"}],"about":[{"href":"https:\/\/kimmidoll.hu\/en\/wp-json\/wp\/v2\/types\/product"}],"replies":[{"embeddable":true,"href":"https:\/\/kimmidoll.hu\/en\/wp-json\/wp\/v2\/comments?post=3555"}],"wp:featuredmedia":[{"embeddable":true,"href":"https:\/\/kimmidoll.hu\/en\/wp-json\/wp\/v2\/media\/3544"}],"wp:attachment":[{"href":"https:\/\/kimmidoll.hu\/en\/wp-json\/wp\/v2\/media?parent=3555"}],"wp:term":[{"taxonomy":"product_cat","embeddable":true,"href":"https:\/\/kimmidoll.hu\/en\/wp-json\/wp\/v2\/product_cat?post=3555"},{"taxonomy":"product_tag","embeddable":true,"href":"https:\/\/kimmidoll.hu\/en\/wp-json\/wp\/v2\/product_tag?post=3555"}],"curies":[{"name":"wp","href":"https:\/\/api.w.org\/{rel}","templated":true}]}}