{"id":3552,"date":"2019-10-10T13:02:04","date_gmt":"2019-10-10T13:02:04","guid":{"rendered":"https:\/\/kimmidoll.hu\/?post_type=product&#038;p=3552"},"modified":"2023-12-17T09:52:41","modified_gmt":"2023-12-17T09:52:41","slug":"dasha-unikornis-3d-kulcstarto-cck011","status":"publish","type":"product","link":"https:\/\/kimmidoll.hu\/en\/shop\/dasha-unikornis-3d-kulcstarto-cck011\/","title":{"rendered":"Dasha Unikornis 3D kulcstart\u00f3 CCK011"},"content":{"rendered":"<p>figura magass\u00e1g: 40mm, f\u00e9m akaszt\u00f3val<\/p>\n<p>vir\u00e1gocska d\u00edsz\u00edt\u00e9ssel<\/p>\n","protected":false},"excerpt":{"rendered":"<p>Dasha, &#8220;az \u00e9let sz\u00e9p, mint amilyen te vagy!&#8221;<\/p>\n<p>&nbsp;<\/p>\n","protected":false},"featured_media":3525,"comment_status":"closed","ping_status":"closed","template":"","meta":[],"product_cat":[120],"product_tag":[],"aioseo_notices":[],"_links":{"self":[{"href":"https:\/\/kimmidoll.hu\/en\/wp-json\/wp\/v2\/product\/3552"}],"collection":[{"href":"https:\/\/kimmidoll.hu\/en\/wp-json\/wp\/v2\/product"}],"about":[{"href":"https:\/\/kimmidoll.hu\/en\/wp-json\/wp\/v2\/types\/product"}],"replies":[{"embeddable":true,"href":"https:\/\/kimmidoll.hu\/en\/wp-json\/wp\/v2\/comments?post=3552"}],"wp:featuredmedia":[{"embeddable":true,"href":"https:\/\/kimmidoll.hu\/en\/wp-json\/wp\/v2\/media\/3525"}],"wp:attachment":[{"href":"https:\/\/kimmidoll.hu\/en\/wp-json\/wp\/v2\/media?parent=3552"}],"wp:term":[{"taxonomy":"product_cat","embeddable":true,"href":"https:\/\/kimmidoll.hu\/en\/wp-json\/wp\/v2\/product_cat?post=3552"},{"taxonomy":"product_tag","embeddable":true,"href":"https:\/\/kimmidoll.hu\/en\/wp-json\/wp\/v2\/product_tag?post=3552"}],"curies":[{"name":"wp","href":"https:\/\/api.w.org\/{rel}","templated":true}]}}