{"id":3550,"date":"2019-10-10T12:47:28","date_gmt":"2019-10-10T12:47:28","guid":{"rendered":"https:\/\/kimmidoll.hu\/?post_type=product&#038;p=3550"},"modified":"2023-12-17T09:52:41","modified_gmt":"2023-12-17T09:52:41","slug":"bella-unikornis-3d-kulcstarto-cck009","status":"publish","type":"product","link":"https:\/\/kimmidoll.hu\/en\/shop\/bella-unikornis-3d-kulcstarto-cck009\/","title":{"rendered":"Bella Unikornis 3D kulcstart\u00f3 CCK009"},"content":{"rendered":"<p>figura magass\u00e1g: 40mm, f\u00e9m akaszt\u00f3val<\/p>\n<p>eprecske d\u00edsz\u00edt\u00e9ssel<\/p>\n","protected":false},"excerpt":{"rendered":"<p>Bella, &#8220;mutasd ki a szereteted!&#8221;<\/p>\n<p>&nbsp;<\/p>\n","protected":false},"featured_media":3523,"comment_status":"closed","ping_status":"closed","template":"","meta":[],"product_cat":[120],"product_tag":[],"aioseo_notices":[],"_links":{"self":[{"href":"https:\/\/kimmidoll.hu\/en\/wp-json\/wp\/v2\/product\/3550"}],"collection":[{"href":"https:\/\/kimmidoll.hu\/en\/wp-json\/wp\/v2\/product"}],"about":[{"href":"https:\/\/kimmidoll.hu\/en\/wp-json\/wp\/v2\/types\/product"}],"replies":[{"embeddable":true,"href":"https:\/\/kimmidoll.hu\/en\/wp-json\/wp\/v2\/comments?post=3550"}],"wp:featuredmedia":[{"embeddable":true,"href":"https:\/\/kimmidoll.hu\/en\/wp-json\/wp\/v2\/media\/3523"}],"wp:attachment":[{"href":"https:\/\/kimmidoll.hu\/en\/wp-json\/wp\/v2\/media?parent=3550"}],"wp:term":[{"taxonomy":"product_cat","embeddable":true,"href":"https:\/\/kimmidoll.hu\/en\/wp-json\/wp\/v2\/product_cat?post=3550"},{"taxonomy":"product_tag","embeddable":true,"href":"https:\/\/kimmidoll.hu\/en\/wp-json\/wp\/v2\/product_tag?post=3550"}],"curies":[{"name":"wp","href":"https:\/\/api.w.org\/{rel}","templated":true}]}}