{"id":3549,"date":"2019-10-10T12:42:48","date_gmt":"2019-10-10T12:42:48","guid":{"rendered":"https:\/\/kimmidoll.hu\/?post_type=product&#038;p=3549"},"modified":"2023-03-06T15:02:35","modified_gmt":"2023-03-06T15:02:35","slug":"dasha-unikornis-ccu011","status":"publish","type":"product","link":"https:\/\/kimmidoll.hu\/en\/shop\/dasha-unikornis-ccu011\/","title":{"rendered":"Dasha Unikornis CCU011"},"content":{"rendered":"<p>magass\u00e1g: 110 mm, sz\u00e9less\u00e9g: 75 mm, m\u00e9lys\u00e9g: 95 mm<\/p>\n<p>vir\u00e1gocska d\u00edsz\u00edt\u00e9ssel<\/p>\n","protected":false},"excerpt":{"rendered":"<p>Dasha, &#8220;az \u00e9let sz\u00e9p, mint amilyen te vagy!&#8221;<\/p>\n<p>&nbsp;<\/p>\n","protected":false},"featured_media":3521,"comment_status":"closed","ping_status":"closed","template":"","meta":[],"product_cat":[120],"product_tag":[],"aioseo_notices":[],"_links":{"self":[{"href":"https:\/\/kimmidoll.hu\/en\/wp-json\/wp\/v2\/product\/3549"}],"collection":[{"href":"https:\/\/kimmidoll.hu\/en\/wp-json\/wp\/v2\/product"}],"about":[{"href":"https:\/\/kimmidoll.hu\/en\/wp-json\/wp\/v2\/types\/product"}],"replies":[{"embeddable":true,"href":"https:\/\/kimmidoll.hu\/en\/wp-json\/wp\/v2\/comments?post=3549"}],"wp:featuredmedia":[{"embeddable":true,"href":"https:\/\/kimmidoll.hu\/en\/wp-json\/wp\/v2\/media\/3521"}],"wp:attachment":[{"href":"https:\/\/kimmidoll.hu\/en\/wp-json\/wp\/v2\/media?parent=3549"}],"wp:term":[{"taxonomy":"product_cat","embeddable":true,"href":"https:\/\/kimmidoll.hu\/en\/wp-json\/wp\/v2\/product_cat?post=3549"},{"taxonomy":"product_tag","embeddable":true,"href":"https:\/\/kimmidoll.hu\/en\/wp-json\/wp\/v2\/product_tag?post=3549"}],"curies":[{"name":"wp","href":"https:\/\/api.w.org\/{rel}","templated":true}]}}