{"id":3548,"date":"2019-10-10T12:35:44","date_gmt":"2019-10-10T12:35:44","guid":{"rendered":"https:\/\/kimmidoll.hu\/?post_type=product&#038;p=3548"},"modified":"2023-03-06T15:02:35","modified_gmt":"2023-03-06T15:02:35","slug":"bubblegum-unikornis-ccu010","status":"publish","type":"product","link":"https:\/\/kimmidoll.hu\/en\/shop\/bubblegum-unikornis-ccu010\/","title":{"rendered":"Bubblegum Unikornis CCU010"},"content":{"rendered":"<p>magass\u00e1g: 110 mm, sz\u00e9less\u00e9g: 75 mm, m\u00e9lys\u00e9g: 95 mm<\/p>\n<p>fagyi \u00e9s sz\u00edvecske d\u00edsz\u00edt\u00e9ssel<\/p>\n","protected":false},"excerpt":{"rendered":"<p>Bubblegum, &#8220;mindig megnevettetsz!&#8221;<\/p>\n<p>&nbsp;<\/p>\n","protected":false},"featured_media":3519,"comment_status":"closed","ping_status":"closed","template":"","meta":[],"product_cat":[120],"product_tag":[],"aioseo_notices":[],"_links":{"self":[{"href":"https:\/\/kimmidoll.hu\/en\/wp-json\/wp\/v2\/product\/3548"}],"collection":[{"href":"https:\/\/kimmidoll.hu\/en\/wp-json\/wp\/v2\/product"}],"about":[{"href":"https:\/\/kimmidoll.hu\/en\/wp-json\/wp\/v2\/types\/product"}],"replies":[{"embeddable":true,"href":"https:\/\/kimmidoll.hu\/en\/wp-json\/wp\/v2\/comments?post=3548"}],"wp:featuredmedia":[{"embeddable":true,"href":"https:\/\/kimmidoll.hu\/en\/wp-json\/wp\/v2\/media\/3519"}],"wp:attachment":[{"href":"https:\/\/kimmidoll.hu\/en\/wp-json\/wp\/v2\/media?parent=3548"}],"wp:term":[{"taxonomy":"product_cat","embeddable":true,"href":"https:\/\/kimmidoll.hu\/en\/wp-json\/wp\/v2\/product_cat?post=3548"},{"taxonomy":"product_tag","embeddable":true,"href":"https:\/\/kimmidoll.hu\/en\/wp-json\/wp\/v2\/product_tag?post=3548"}],"curies":[{"name":"wp","href":"https:\/\/api.w.org\/{rel}","templated":true}]}}