{"id":3516,"date":"2019-10-10T12:31:13","date_gmt":"2019-10-10T12:31:13","guid":{"rendered":"https:\/\/kimmidoll.hu\/?post_type=product&#038;p=3516"},"modified":"2023-03-06T15:02:35","modified_gmt":"2023-03-06T15:02:35","slug":"bella-unikornis-ccu009","status":"publish","type":"product","link":"https:\/\/kimmidoll.hu\/en\/shop\/bella-unikornis-ccu009\/","title":{"rendered":"Bella Unikornis CCU009"},"content":{"rendered":"<p>magass\u00e1g: 110 mm, sz\u00e9less\u00e9g: 75 mm, m\u00e9lys\u00e9g: 95 mm<\/p>\n<p>eprecske d\u00edsz\u00edt\u00e9ssel<\/p>\n","protected":false},"excerpt":{"rendered":"<p>Bella, &#8220;mutasd ki a szereteted!&#8221;<\/p>\n<p>&nbsp;<\/p>\n","protected":false},"featured_media":3517,"comment_status":"closed","ping_status":"closed","template":"","meta":[],"product_cat":[120],"product_tag":[],"aioseo_notices":[],"_links":{"self":[{"href":"https:\/\/kimmidoll.hu\/en\/wp-json\/wp\/v2\/product\/3516"}],"collection":[{"href":"https:\/\/kimmidoll.hu\/en\/wp-json\/wp\/v2\/product"}],"about":[{"href":"https:\/\/kimmidoll.hu\/en\/wp-json\/wp\/v2\/types\/product"}],"replies":[{"embeddable":true,"href":"https:\/\/kimmidoll.hu\/en\/wp-json\/wp\/v2\/comments?post=3516"}],"wp:featuredmedia":[{"embeddable":true,"href":"https:\/\/kimmidoll.hu\/en\/wp-json\/wp\/v2\/media\/3517"}],"wp:attachment":[{"href":"https:\/\/kimmidoll.hu\/en\/wp-json\/wp\/v2\/media?parent=3516"}],"wp:term":[{"taxonomy":"product_cat","embeddable":true,"href":"https:\/\/kimmidoll.hu\/en\/wp-json\/wp\/v2\/product_cat?post=3516"},{"taxonomy":"product_tag","embeddable":true,"href":"https:\/\/kimmidoll.hu\/en\/wp-json\/wp\/v2\/product_tag?post=3516"}],"curies":[{"name":"wp","href":"https:\/\/api.w.org\/{rel}","templated":true}]}}