{"id":3064,"date":"2018-10-04T10:00:39","date_gmt":"2018-10-04T10:00:39","guid":{"rendered":"https:\/\/kimmidoll.hu\/shop\/ks1079-shigemi-jegyzet-fuzet\/"},"modified":"2022-11-08T18:35:49","modified_gmt":"2022-11-08T18:35:49","slug":"ks1079-shigemi-jegyzet-fuzet","status":"publish","type":"product","link":"https:\/\/kimmidoll.hu\/en\/shop\/ks1079-shigemi-jegyzet-fuzet\/","title":{"rendered":"KS1079 Shigemi jegyzet f\u00fczet"},"content":{"rendered":"<p>A Kimmidoll figur\u00e1k alap\u00f6tlete a jap\u00e1n kokeshi bab\u00e1kt\u00f3l sz\u00e1rmazik. Jap\u00e1nban a kokeshi bab\u00e1k hossz\u00fa m\u00faltra tekintenek vissza. A gyerekj\u00e1t\u00e9kb\u00f3l \u00e9s d\u00edszb\u0151l feln\u0151tt-kedvencc\u00e9 lett bab\u00e1t aj\u00e1nd\u00e9kk\u00e9nt adt\u00e1k egym\u00e1snak az emberek a szeretet \u00e9s a bar\u00e1ts\u00e1g jelek\u00e9nt, tov\u00e1bb\u00e1 spiritu\u00e1lis jelent\u0151s\u00e9ggel is b\u00edrnak, \u00e9s v\u00e9delmet adnak. Mindegyik Kimmidoll figura egyedi jelent\u00e9startalommal b\u00edr, m\u00e1s-m\u00e1s pozit\u00edv tulajdons\u00e1g szimb\u00f3lumai.<\/p>\n<p>Iskolat\u00e1sk\u00e1ba \u00e9s n\u0151i t\u00e1sk\u00e1kba egyar\u00e1nt belef\u00e9r, csinos, n\u0151ies jegyzetf\u00fczet!<\/p>\n","protected":false},"excerpt":{"rendered":"<p class=\"qtranxs-available-languages-message qtranxs-available-languages-message-en\">Sorry, this entry is only available in <a href=\"https:\/\/kimmidoll.hu\/hu\/wp-json\/wp\/v2\/product\/3064\" class=\"qtranxs-available-language-link qtranxs-available-language-link-hu\" title=\"Magyar\">Hungarian<\/a>.<\/p>\n","protected":false},"featured_media":3017,"comment_status":"closed","ping_status":"closed","template":"","meta":[],"product_cat":[22,27],"product_tag":[],"aioseo_notices":[],"_links":{"self":[{"href":"https:\/\/kimmidoll.hu\/en\/wp-json\/wp\/v2\/product\/3064"}],"collection":[{"href":"https:\/\/kimmidoll.hu\/en\/wp-json\/wp\/v2\/product"}],"about":[{"href":"https:\/\/kimmidoll.hu\/en\/wp-json\/wp\/v2\/types\/product"}],"replies":[{"embeddable":true,"href":"https:\/\/kimmidoll.hu\/en\/wp-json\/wp\/v2\/comments?post=3064"}],"wp:featuredmedia":[{"embeddable":true,"href":"https:\/\/kimmidoll.hu\/en\/wp-json\/wp\/v2\/media\/3017"}],"wp:attachment":[{"href":"https:\/\/kimmidoll.hu\/en\/wp-json\/wp\/v2\/media?parent=3064"}],"wp:term":[{"taxonomy":"product_cat","embeddable":true,"href":"https:\/\/kimmidoll.hu\/en\/wp-json\/wp\/v2\/product_cat?post=3064"},{"taxonomy":"product_tag","embeddable":true,"href":"https:\/\/kimmidoll.hu\/en\/wp-json\/wp\/v2\/product_tag?post=3064"}],"curies":[{"name":"wp","href":"https:\/\/api.w.org\/{rel}","templated":true}]}}