{"id":3041,"date":"2018-10-04T10:00:30","date_gmt":"2018-10-04T10:00:30","guid":{"rendered":"https:\/\/kimmidoll.hu\/shop\/tgkfs125-mini-naomi\/"},"modified":"2022-07-14T04:18:10","modified_gmt":"2022-07-14T04:18:10","slug":"tgkfs125-mini-naomi","status":"publish","type":"product","link":"https:\/\/kimmidoll.hu\/en\/shop\/tgkfs125-mini-naomi\/","title":{"rendered":"TGKFS125 Mini Naomi &#8217;tiszta sz\u00e9ps\u00e9g&#8217;"},"content":{"rendered":"<p>Mani cica kozmetikai t\u00e1ska\u00a0&#8211; fekete sz\u00edn\u0171, arany d\u00edsz\u00edt\u00e9ssel &#8211; 20 x 14,5 x 7 cm, log\u00f3s h\u00faz\u00f3ka<\/p>\n","protected":false},"excerpt":{"rendered":"<p>Naomi \/ \u0151sz\u00ednte sz\u00e9ps\u00e9g<\/p>\n<p>magass\u00e1ga: 6 cm<\/p>\n","protected":false},"featured_media":3024,"comment_status":"closed","ping_status":"closed","template":"","meta":[],"product_cat":[20],"product_tag":[],"aioseo_notices":[],"_links":{"self":[{"href":"https:\/\/kimmidoll.hu\/en\/wp-json\/wp\/v2\/product\/3041"}],"collection":[{"href":"https:\/\/kimmidoll.hu\/en\/wp-json\/wp\/v2\/product"}],"about":[{"href":"https:\/\/kimmidoll.hu\/en\/wp-json\/wp\/v2\/types\/product"}],"replies":[{"embeddable":true,"href":"https:\/\/kimmidoll.hu\/en\/wp-json\/wp\/v2\/comments?post=3041"}],"wp:featuredmedia":[{"embeddable":true,"href":"https:\/\/kimmidoll.hu\/en\/wp-json\/wp\/v2\/media\/3024"}],"wp:attachment":[{"href":"https:\/\/kimmidoll.hu\/en\/wp-json\/wp\/v2\/media?parent=3041"}],"wp:term":[{"taxonomy":"product_cat","embeddable":true,"href":"https:\/\/kimmidoll.hu\/en\/wp-json\/wp\/v2\/product_cat?post=3041"},{"taxonomy":"product_tag","embeddable":true,"href":"https:\/\/kimmidoll.hu\/en\/wp-json\/wp\/v2\/product_tag?post=3041"}],"curies":[{"name":"wp","href":"https:\/\/api.w.org\/{rel}","templated":true}]}}