{"id":2984,"date":"2018-10-04T10:00:28","date_gmt":"2018-10-04T10:00:28","guid":{"rendered":"https:\/\/kimmidoll.hu\/shop\/charm-kulcstarto-rozsaszin\/"},"modified":"2022-10-09T12:04:56","modified_gmt":"2022-10-09T12:04:56","slug":"charm-kulcstarto-rozsaszin","status":"publish","type":"product","link":"https:\/\/kimmidoll.hu\/en\/shop\/charm-kulcstarto-rozsaszin\/","title":{"rendered":"Charm kulcstart\u00f3 \/ r\u00f3zsasz\u00edn"},"content":{"rendered":"<p>Mani t\u00f6bb keleti kult\u00fara szerint a szerencse, gazdags\u00e1g \u00e9s a boldogs\u00e1g szimb\u00f3luma. Ebben a st\u00edlusos f\u00e9m kulcstart\u00f3 form\u00e1ban egy mindig mag\u00e1n\u00e1l hordhat\u00f3 talizm\u00e1n is. Mani a szerencsecica t\u00f6rt\u00e9net\u00e9r\u0151l <a href=\"http:\/\/kimmidoll.hu\/mani-a-szerencsecica-tortenete\/\">blogunkban b\u0151vebben<\/a> olvashat.<\/p>\n<p>Kimmidoll charm kulcstart\u00f3, cica magass\u00e1g: 4,5cm +\u00a0f\u00e9m gy\u0171r\u0171 + karab\u00edner<\/p>\n","protected":false},"excerpt":{"rendered":"<p>Kimmidoll charm kulcstart\u00f3, cica magass\u00e1g: 4,5cm +\u00a0f\u00e9m gy\u0171r\u0171 + karab\u00edner, r\u00f3zsasz\u00edn cica<\/p>\n","protected":false},"featured_media":2946,"comment_status":"closed","ping_status":"closed","template":"","meta":[],"product_cat":[21,60],"product_tag":[53],"aioseo_notices":[],"_links":{"self":[{"href":"https:\/\/kimmidoll.hu\/en\/wp-json\/wp\/v2\/product\/2984"}],"collection":[{"href":"https:\/\/kimmidoll.hu\/en\/wp-json\/wp\/v2\/product"}],"about":[{"href":"https:\/\/kimmidoll.hu\/en\/wp-json\/wp\/v2\/types\/product"}],"replies":[{"embeddable":true,"href":"https:\/\/kimmidoll.hu\/en\/wp-json\/wp\/v2\/comments?post=2984"}],"wp:featuredmedia":[{"embeddable":true,"href":"https:\/\/kimmidoll.hu\/en\/wp-json\/wp\/v2\/media\/2946"}],"wp:attachment":[{"href":"https:\/\/kimmidoll.hu\/en\/wp-json\/wp\/v2\/media?parent=2984"}],"wp:term":[{"taxonomy":"product_cat","embeddable":true,"href":"https:\/\/kimmidoll.hu\/en\/wp-json\/wp\/v2\/product_cat?post=2984"},{"taxonomy":"product_tag","embeddable":true,"href":"https:\/\/kimmidoll.hu\/en\/wp-json\/wp\/v2\/product_tag?post=2984"}],"curies":[{"name":"wp","href":"https:\/\/api.w.org\/{rel}","templated":true}]}}