{"id":2978,"date":"2018-10-04T10:00:51","date_gmt":"2018-10-04T10:00:51","guid":{"rendered":"https:\/\/kimmidoll.hu\/shop\/3d-kulcstarto-feher\/"},"modified":"2022-08-19T04:31:05","modified_gmt":"2022-08-19T04:31:05","slug":"3d-kulcstarto-feher","status":"publish","type":"product","link":"https:\/\/kimmidoll.hu\/en\/shop\/3d-kulcstarto-feher\/","title":{"rendered":"3D kulcstart\u00f3 \/ feh\u00e9r MLCK063"},"content":{"rendered":"<p>Mani t\u00f6bb keleti kult\u00fara szerint a szerencse, gazdags\u00e1g \u00e9s a boldogs\u00e1g szimb\u00f3luma. Ebben a st\u00edlusos 3D kulcstart\u00f3 form\u00e1ban egy mindig mag\u00e1n\u00e1l hordhat\u00f3 talizm\u00e1n is. Mani a szerencsecica t\u00f6rt\u00e9net\u00e9r\u0151l <a href=\"http:\/\/kimmidoll.hu\/mani-a-szerencsecica-tortenete\/\">blogunkban b\u0151vebben<\/a> olvashat.<\/p>\n<p>Kimmidoll 3D kulcstart\u00f3, magass\u00e1g: 5cm + l\u00e1nc<\/p>\n","protected":false},"excerpt":{"rendered":"<p>Kimmidoll Mani 3D kulcstart\u00f3, magass\u00e1g: 5cm + l\u00e1nc, feh\u00e9r sz\u00edn\u0171<\/p>\n","protected":false},"featured_media":2961,"comment_status":"closed","ping_status":"closed","template":"","meta":[],"product_cat":[21,60],"product_tag":[53],"aioseo_notices":[],"_links":{"self":[{"href":"https:\/\/kimmidoll.hu\/en\/wp-json\/wp\/v2\/product\/2978"}],"collection":[{"href":"https:\/\/kimmidoll.hu\/en\/wp-json\/wp\/v2\/product"}],"about":[{"href":"https:\/\/kimmidoll.hu\/en\/wp-json\/wp\/v2\/types\/product"}],"replies":[{"embeddable":true,"href":"https:\/\/kimmidoll.hu\/en\/wp-json\/wp\/v2\/comments?post=2978"}],"wp:featuredmedia":[{"embeddable":true,"href":"https:\/\/kimmidoll.hu\/en\/wp-json\/wp\/v2\/media\/2961"}],"wp:attachment":[{"href":"https:\/\/kimmidoll.hu\/en\/wp-json\/wp\/v2\/media?parent=2978"}],"wp:term":[{"taxonomy":"product_cat","embeddable":true,"href":"https:\/\/kimmidoll.hu\/en\/wp-json\/wp\/v2\/product_cat?post=2978"},{"taxonomy":"product_tag","embeddable":true,"href":"https:\/\/kimmidoll.hu\/en\/wp-json\/wp\/v2\/product_tag?post=2978"}],"curies":[{"name":"wp","href":"https:\/\/api.w.org\/{rel}","templated":true}]}}