{"id":2767,"date":"2018-06-20T12:00:20","date_gmt":"2018-06-20T12:00:20","guid":{"rendered":"http:\/\/kimmidoll.hu\/shop\/yuji-ninja-3d-kulcstarto-bator\/"},"modified":"2026-03-30T07:50:44","modified_gmt":"2026-03-30T07:50:44","slug":"yuji-ninja-3d-kulcstarto-bator","status":"publish","type":"product","link":"https:\/\/kimmidoll.hu\/en\/shop\/yuji-ninja-3d-kulcstarto-bator\/","title":{"rendered":"Yuji Ninja 3D kulcstart\u00f3- B\u00e1tor"},"content":{"rendered":"<p>5 cm magas baba<\/p>\n","protected":false},"excerpt":{"rendered":"<p>A bels\u0151 er\u0151 szab\u00e1lyz\u00e1sa a bizonytalans\u00e1g, f\u00e9lelem, neh\u00e9zs\u00e9gek \u00e9s fenyeget\u00e9sek ellen, ez az igazi Ninja harcos ereje. Ki kell \u00e1llnom az igazam\u00e9rt, m\u00e9g ha a t\u00f6bbiek vissza is h\u00faznak. Ez a b\u00e1tors\u00e1g \u00e9vek alatt \u00e9p\u00edthet\u0151 fel, ez ezer tigris b\u00e1tors\u00e1g\u00e1val \u00e9r fel, ez az a tud\u00e1s, amit egy igazi Ninja harcosnak birtokolnia kell.<\/p>\n","protected":false},"featured_media":4889,"comment_status":"closed","ping_status":"closed","template":"","meta":[],"product_cat":[21,105],"product_tag":[],"aioseo_notices":[],"_links":{"self":[{"href":"https:\/\/kimmidoll.hu\/en\/wp-json\/wp\/v2\/product\/2767"}],"collection":[{"href":"https:\/\/kimmidoll.hu\/en\/wp-json\/wp\/v2\/product"}],"about":[{"href":"https:\/\/kimmidoll.hu\/en\/wp-json\/wp\/v2\/types\/product"}],"replies":[{"embeddable":true,"href":"https:\/\/kimmidoll.hu\/en\/wp-json\/wp\/v2\/comments?post=2767"}],"wp:featuredmedia":[{"embeddable":true,"href":"https:\/\/kimmidoll.hu\/en\/wp-json\/wp\/v2\/media\/4889"}],"wp:attachment":[{"href":"https:\/\/kimmidoll.hu\/en\/wp-json\/wp\/v2\/media?parent=2767"}],"wp:term":[{"taxonomy":"product_cat","embeddable":true,"href":"https:\/\/kimmidoll.hu\/en\/wp-json\/wp\/v2\/product_cat?post=2767"},{"taxonomy":"product_tag","embeddable":true,"href":"https:\/\/kimmidoll.hu\/en\/wp-json\/wp\/v2\/product_tag?post=2767"}],"curies":[{"name":"wp","href":"https:\/\/api.w.org\/{rel}","templated":true}]}}