{"id":2758,"date":"2018-06-20T12:00:27","date_gmt":"2018-06-20T12:00:27","guid":{"rendered":"http:\/\/kimmidoll.hu\/shop\/yoshio-ninja-harcos\/"},"modified":"2024-09-22T19:14:38","modified_gmt":"2024-09-22T19:14:38","slug":"yoshio-ninja-harcos","status":"publish","type":"product","link":"https:\/\/kimmidoll.hu\/en\/shop\/yoshio-ninja-harcos\/","title":{"rendered":"Yoshio Ninja &#8211; harcos"},"content":{"rendered":"<p>10 cm magas<\/p>\n","protected":false},"excerpt":{"rendered":"<p>A seg\u00edts\u00e9gre szorul\u00f3k v\u00e9delmez\u0151je. Harcol az emberei\u00e9rt \u00e9s v\u00e9delmezi \u0151ket. A j\u00f3 mindig gy\u0151zedelmeskedik \u00e9s seg\u00edt megv\u00e1ltoztatni a vil\u00e1got!<\/p>\n<p>10 cm magas,<\/p>\n","protected":false},"featured_media":2715,"comment_status":"closed","ping_status":"closed","template":"","meta":[],"product_cat":[105],"product_tag":[],"aioseo_notices":[],"_links":{"self":[{"href":"https:\/\/kimmidoll.hu\/en\/wp-json\/wp\/v2\/product\/2758"}],"collection":[{"href":"https:\/\/kimmidoll.hu\/en\/wp-json\/wp\/v2\/product"}],"about":[{"href":"https:\/\/kimmidoll.hu\/en\/wp-json\/wp\/v2\/types\/product"}],"replies":[{"embeddable":true,"href":"https:\/\/kimmidoll.hu\/en\/wp-json\/wp\/v2\/comments?post=2758"}],"wp:featuredmedia":[{"embeddable":true,"href":"https:\/\/kimmidoll.hu\/en\/wp-json\/wp\/v2\/media\/2715"}],"wp:attachment":[{"href":"https:\/\/kimmidoll.hu\/en\/wp-json\/wp\/v2\/media?parent=2758"}],"wp:term":[{"taxonomy":"product_cat","embeddable":true,"href":"https:\/\/kimmidoll.hu\/en\/wp-json\/wp\/v2\/product_cat?post=2758"},{"taxonomy":"product_tag","embeddable":true,"href":"https:\/\/kimmidoll.hu\/en\/wp-json\/wp\/v2\/product_tag?post=2758"}],"curies":[{"name":"wp","href":"https:\/\/api.w.org\/{rel}","templated":true}]}}