{"id":2327,"date":"2017-08-30T18:14:41","date_gmt":"2017-08-30T18:14:41","guid":{"rendered":"http:\/\/kimmidoll.hu\/shop\/ninja-polofiu\/"},"modified":"2017-08-30T18:20:02","modified_gmt":"2017-08-30T18:20:02","slug":"ninja-polofiu","status":"publish","type":"product","link":"https:\/\/kimmidoll.hu\/en\/shop\/ninja-polofiu\/","title":{"rendered":"Ninja p\u00f3l\u00f3,fi\u00fa"},"content":{"rendered":"<p>Ninja \u00e9s s\u00e1rk\u00e1ny mot\u00edvummal d\u00edsz\u00edtett p\u00f3l\u00f3, 100% pamut, z\u00f6ld<\/p>\n","protected":false},"excerpt":{"rendered":"<p>Crossbody bag, Tote crossbody &#8211; Mihoko<\/p>\n","protected":false},"featured_media":2284,"comment_status":"closed","ping_status":"closed","template":"","meta":[],"product_cat":[54],"product_tag":[],"aioseo_notices":[],"_links":{"self":[{"href":"https:\/\/kimmidoll.hu\/en\/wp-json\/wp\/v2\/product\/2327"}],"collection":[{"href":"https:\/\/kimmidoll.hu\/en\/wp-json\/wp\/v2\/product"}],"about":[{"href":"https:\/\/kimmidoll.hu\/en\/wp-json\/wp\/v2\/types\/product"}],"replies":[{"embeddable":true,"href":"https:\/\/kimmidoll.hu\/en\/wp-json\/wp\/v2\/comments?post=2327"}],"wp:featuredmedia":[{"embeddable":true,"href":"https:\/\/kimmidoll.hu\/en\/wp-json\/wp\/v2\/media\/2284"}],"wp:attachment":[{"href":"https:\/\/kimmidoll.hu\/en\/wp-json\/wp\/v2\/media?parent=2327"}],"wp:term":[{"taxonomy":"product_cat","embeddable":true,"href":"https:\/\/kimmidoll.hu\/en\/wp-json\/wp\/v2\/product_cat?post=2327"},{"taxonomy":"product_tag","embeddable":true,"href":"https:\/\/kimmidoll.hu\/en\/wp-json\/wp\/v2\/product_tag?post=2327"}],"curies":[{"name":"wp","href":"https:\/\/api.w.org\/{rel}","templated":true}]}}