{"id":2318,"date":"2017-08-22T09:03:21","date_gmt":"2017-08-22T09:03:21","guid":{"rendered":"http:\/\/kimmidoll.hu\/shop\/felnott-merettablazat\/"},"modified":"2017-09-19T15:16:34","modified_gmt":"2017-09-19T15:16:34","slug":"felnott-merettablazat","status":"publish","type":"product","link":"https:\/\/kimmidoll.hu\/en\/shop\/felnott-merettablazat\/","title":{"rendered":"feln\u0151tt m\u00e9rett\u00e1bl\u00e1zat"},"content":{"rendered":"<p>Mihoko karakterrel d\u00edsz\u00edtett p\u00f3l\u00f3, 100% pamut, feh\u00e9r<\/p>\n","protected":false},"excerpt":{"rendered":"<p>Mihoko karakterrel d\u00edsz\u00edtett p\u00f3l\u00f3, 100% pamut, feh\u00e9r<\/p>\n","protected":false},"featured_media":2290,"comment_status":"closed","ping_status":"closed","template":"","meta":[],"product_cat":[54],"product_tag":[],"aioseo_notices":[],"_links":{"self":[{"href":"https:\/\/kimmidoll.hu\/en\/wp-json\/wp\/v2\/product\/2318"}],"collection":[{"href":"https:\/\/kimmidoll.hu\/en\/wp-json\/wp\/v2\/product"}],"about":[{"href":"https:\/\/kimmidoll.hu\/en\/wp-json\/wp\/v2\/types\/product"}],"replies":[{"embeddable":true,"href":"https:\/\/kimmidoll.hu\/en\/wp-json\/wp\/v2\/comments?post=2318"}],"wp:featuredmedia":[{"embeddable":true,"href":"https:\/\/kimmidoll.hu\/en\/wp-json\/wp\/v2\/media\/2290"}],"wp:attachment":[{"href":"https:\/\/kimmidoll.hu\/en\/wp-json\/wp\/v2\/media?parent=2318"}],"wp:term":[{"taxonomy":"product_cat","embeddable":true,"href":"https:\/\/kimmidoll.hu\/en\/wp-json\/wp\/v2\/product_cat?post=2318"},{"taxonomy":"product_tag","embeddable":true,"href":"https:\/\/kimmidoll.hu\/en\/wp-json\/wp\/v2\/product_tag?post=2318"}],"curies":[{"name":"wp","href":"https:\/\/api.w.org\/{rel}","templated":true}]}}