{"id":2317,"date":"2017-08-30T17:47:08","date_gmt":"2017-08-30T17:47:08","guid":{"rendered":"http:\/\/kimmidoll.hu\/?post_type=product&#038;p=2317"},"modified":"2017-09-19T15:16:20","modified_gmt":"2017-09-19T15:16:20","slug":"gyerek-merettablazat","status":"publish","type":"product","link":"https:\/\/kimmidoll.hu\/en\/shop\/gyerek-merettablazat\/","title":{"rendered":"gyerek m\u00e9rett\u00e1bl\u00e1zat"},"content":{"rendered":"<p><a href=\"http:\/\/kimmidoll.hu\/wp-content\/uploads\/138-product_size_logo.pdf\">http:\/\/kimmidoll.hu\/wp-content\/uploads\/138-product_size_logo.pdf<\/a><\/p>\n","protected":false},"excerpt":{"rendered":"<p>http:\/\/kimmidoll.hu\/wp-content\/uploads\/138-product_size_logo.pdf<\/p>\n","protected":false},"featured_media":2275,"comment_status":"closed","ping_status":"closed","template":"","meta":[],"product_cat":[54],"product_tag":[],"aioseo_notices":[],"_links":{"self":[{"href":"https:\/\/kimmidoll.hu\/en\/wp-json\/wp\/v2\/product\/2317"}],"collection":[{"href":"https:\/\/kimmidoll.hu\/en\/wp-json\/wp\/v2\/product"}],"about":[{"href":"https:\/\/kimmidoll.hu\/en\/wp-json\/wp\/v2\/types\/product"}],"replies":[{"embeddable":true,"href":"https:\/\/kimmidoll.hu\/en\/wp-json\/wp\/v2\/comments?post=2317"}],"wp:featuredmedia":[{"embeddable":true,"href":"https:\/\/kimmidoll.hu\/en\/wp-json\/wp\/v2\/media\/2275"}],"wp:attachment":[{"href":"https:\/\/kimmidoll.hu\/en\/wp-json\/wp\/v2\/media?parent=2317"}],"wp:term":[{"taxonomy":"product_cat","embeddable":true,"href":"https:\/\/kimmidoll.hu\/en\/wp-json\/wp\/v2\/product_cat?post=2317"},{"taxonomy":"product_tag","embeddable":true,"href":"https:\/\/kimmidoll.hu\/en\/wp-json\/wp\/v2\/product_tag?post=2317"}],"curies":[{"name":"wp","href":"https:\/\/api.w.org\/{rel}","templated":true}]}}