{"id":2301,"date":"2017-08-22T08:16:52","date_gmt":"2017-08-22T08:16:52","guid":{"rendered":"http:\/\/kimmidoll.hu\/shop\/nobuko-polo\/"},"modified":"2026-03-17T09:26:49","modified_gmt":"2026-03-17T09:26:49","slug":"nobuko-polo","status":"publish","type":"product","link":"https:\/\/kimmidoll.hu\/en\/shop\/nobuko-polo\/","title":{"rendered":"Nobuko p\u00f3l\u00f3"},"content":{"rendered":"<p>Nobuko karakterrel d\u00edsz\u00edtett p\u00f3l\u00f3, 100% pamut, feh\u00e9r, m\u00e9ly kerek nyakkiv\u00e1g\u00e1s, h\u00e1tul a nyakr\u00e9szen is mint\u00e1s<\/p>\n","protected":false},"excerpt":{"rendered":"<p>Crossbody bag, Tote crossbody &#8211; Mihoko<\/p>\n","protected":false},"featured_media":2288,"comment_status":"closed","ping_status":"closed","template":"","meta":[],"product_cat":[54],"product_tag":[],"aioseo_notices":[],"_links":{"self":[{"href":"https:\/\/kimmidoll.hu\/en\/wp-json\/wp\/v2\/product\/2301"}],"collection":[{"href":"https:\/\/kimmidoll.hu\/en\/wp-json\/wp\/v2\/product"}],"about":[{"href":"https:\/\/kimmidoll.hu\/en\/wp-json\/wp\/v2\/types\/product"}],"replies":[{"embeddable":true,"href":"https:\/\/kimmidoll.hu\/en\/wp-json\/wp\/v2\/comments?post=2301"}],"wp:featuredmedia":[{"embeddable":true,"href":"https:\/\/kimmidoll.hu\/en\/wp-json\/wp\/v2\/media\/2288"}],"wp:attachment":[{"href":"https:\/\/kimmidoll.hu\/en\/wp-json\/wp\/v2\/media?parent=2301"}],"wp:term":[{"taxonomy":"product_cat","embeddable":true,"href":"https:\/\/kimmidoll.hu\/en\/wp-json\/wp\/v2\/product_cat?post=2301"},{"taxonomy":"product_tag","embeddable":true,"href":"https:\/\/kimmidoll.hu\/en\/wp-json\/wp\/v2\/product_tag?post=2301"}],"curies":[{"name":"wp","href":"https:\/\/api.w.org\/{rel}","templated":true}]}}