{"id":2235,"date":"2017-08-21T16:02:21","date_gmt":"2017-08-21T16:02:21","guid":{"rendered":"http:\/\/kimmidoll.hu\/shop\/mihoko-polo\/"},"modified":"2025-12-05T08:55:51","modified_gmt":"2025-12-05T08:55:51","slug":"mihoko-polo","status":"publish","type":"product","link":"https:\/\/kimmidoll.hu\/en\/shop\/mihoko-polo\/","title":{"rendered":"Mihoko p\u00f3l\u00f3"},"content":{"rendered":"<p>Mihoko karakterrel d\u00edsz\u00edtett p\u00f3l\u00f3, 100% pamut, feh\u00e9r, m\u00e9ly kerek nyakkiv\u00e1g\u00e1s<\/p>\n","protected":false},"excerpt":{"rendered":"<p>Crossbody bag, Tote crossbody &#8211; Mihoko<\/p>\n","protected":false},"featured_media":2279,"comment_status":"closed","ping_status":"closed","template":"","meta":[],"product_cat":[54],"product_tag":[],"aioseo_notices":[],"_links":{"self":[{"href":"https:\/\/kimmidoll.hu\/en\/wp-json\/wp\/v2\/product\/2235"}],"collection":[{"href":"https:\/\/kimmidoll.hu\/en\/wp-json\/wp\/v2\/product"}],"about":[{"href":"https:\/\/kimmidoll.hu\/en\/wp-json\/wp\/v2\/types\/product"}],"replies":[{"embeddable":true,"href":"https:\/\/kimmidoll.hu\/en\/wp-json\/wp\/v2\/comments?post=2235"}],"wp:featuredmedia":[{"embeddable":true,"href":"https:\/\/kimmidoll.hu\/en\/wp-json\/wp\/v2\/media\/2279"}],"wp:attachment":[{"href":"https:\/\/kimmidoll.hu\/en\/wp-json\/wp\/v2\/media?parent=2235"}],"wp:term":[{"taxonomy":"product_cat","embeddable":true,"href":"https:\/\/kimmidoll.hu\/en\/wp-json\/wp\/v2\/product_cat?post=2235"},{"taxonomy":"product_tag","embeddable":true,"href":"https:\/\/kimmidoll.hu\/en\/wp-json\/wp\/v2\/product_tag?post=2235"}],"curies":[{"name":"wp","href":"https:\/\/api.w.org\/{rel}","templated":true}]}}