{"id":2194,"date":"2017-08-11T12:37:52","date_gmt":"2017-08-11T12:37:52","guid":{"rendered":"http:\/\/kimmidoll.hu\/shop\/cica-persely-29-lila\/"},"modified":"2023-07-09T21:33:13","modified_gmt":"2023-07-09T21:33:13","slug":"cica-persely-29-lila","status":"publish","type":"product","link":"https:\/\/kimmidoll.hu\/en\/shop\/cica-persely-29-lila\/","title":{"rendered":"Cica persely 29, lila"},"content":{"rendered":"<p>Cica figura, magass\u00e1ga 70cm, nyak\u00f6rv\u00e9n Swarovski d\u00edszek.<\/p>\n","protected":false},"excerpt":{"rendered":"<p class=\"qtranxs-available-languages-message qtranxs-available-languages-message-en\">Sorry, this entry is only available in <a href=\"https:\/\/kimmidoll.hu\/hu\/wp-json\/wp\/v2\/product\/2194\" class=\"qtranxs-available-language-link qtranxs-available-language-link-hu\" title=\"Magyar\">Hungarian<\/a>.<\/p>\n","protected":false},"featured_media":2177,"comment_status":"closed","ping_status":"closed","template":"","meta":[],"product_cat":[60,27],"product_tag":[53],"aioseo_notices":[],"_links":{"self":[{"href":"https:\/\/kimmidoll.hu\/en\/wp-json\/wp\/v2\/product\/2194"}],"collection":[{"href":"https:\/\/kimmidoll.hu\/en\/wp-json\/wp\/v2\/product"}],"about":[{"href":"https:\/\/kimmidoll.hu\/en\/wp-json\/wp\/v2\/types\/product"}],"replies":[{"embeddable":true,"href":"https:\/\/kimmidoll.hu\/en\/wp-json\/wp\/v2\/comments?post=2194"}],"wp:featuredmedia":[{"embeddable":true,"href":"https:\/\/kimmidoll.hu\/en\/wp-json\/wp\/v2\/media\/2177"}],"wp:attachment":[{"href":"https:\/\/kimmidoll.hu\/en\/wp-json\/wp\/v2\/media?parent=2194"}],"wp:term":[{"taxonomy":"product_cat","embeddable":true,"href":"https:\/\/kimmidoll.hu\/en\/wp-json\/wp\/v2\/product_cat?post=2194"},{"taxonomy":"product_tag","embeddable":true,"href":"https:\/\/kimmidoll.hu\/en\/wp-json\/wp\/v2\/product_tag?post=2194"}],"curies":[{"name":"wp","href":"https:\/\/api.w.org\/{rel}","templated":true}]}}