{"id":2190,"date":"2017-08-11T12:26:32","date_gmt":"2017-08-11T12:26:32","guid":{"rendered":"http:\/\/kimmidoll.hu\/shop\/3d-kulcstarto-31\/"},"modified":"2026-01-21T14:34:37","modified_gmt":"2026-01-21T14:34:37","slug":"3d-kulcstarto-31","status":"publish","type":"product","link":"https:\/\/kimmidoll.hu\/en\/shop\/3d-kulcstarto-31\/","title":{"rendered":"3D kulcstart\u00f3 31 arany"},"content":{"rendered":"<p>Mani t\u00f6bb keleti kult\u00fara szerint a szerencse, gazdags\u00e1g \u00e9s a boldogs\u00e1g szimb\u00f3luma. Ebben a st\u00edlusos 3D kulcstart\u00f3 form\u00e1ban egy mindig mag\u00e1n\u00e1l hordhat\u00f3 talizm\u00e1n is. Mani a szerencsecica t\u00f6rt\u00e9net\u00e9r\u0151l <a href=\"http:\/\/kimmidoll.hu\/mani-a-szerencsecica-tortenete\/\">blogunkban b\u0151vebben<\/a> olvashat.<\/p>\n<p>Kimmidoll 3D kulcstart\u00f3 31, magass\u00e1g: 5cm + l\u00e1nc<\/p>\n","protected":false},"excerpt":{"rendered":"<p class=\"qtranxs-available-languages-message qtranxs-available-languages-message-en\">Sorry, this entry is only available in <a href=\"https:\/\/kimmidoll.hu\/hu\/wp-json\/wp\/v2\/product\/2190\" class=\"qtranxs-available-language-link qtranxs-available-language-link-hu\" title=\"Magyar\">Hungarian<\/a>.<\/p>\n","protected":false},"featured_media":2181,"comment_status":"closed","ping_status":"closed","template":"","meta":[],"product_cat":[88,56,21,60],"product_tag":[53],"aioseo_notices":[],"_links":{"self":[{"href":"https:\/\/kimmidoll.hu\/en\/wp-json\/wp\/v2\/product\/2190"}],"collection":[{"href":"https:\/\/kimmidoll.hu\/en\/wp-json\/wp\/v2\/product"}],"about":[{"href":"https:\/\/kimmidoll.hu\/en\/wp-json\/wp\/v2\/types\/product"}],"replies":[{"embeddable":true,"href":"https:\/\/kimmidoll.hu\/en\/wp-json\/wp\/v2\/comments?post=2190"}],"wp:featuredmedia":[{"embeddable":true,"href":"https:\/\/kimmidoll.hu\/en\/wp-json\/wp\/v2\/media\/2181"}],"wp:attachment":[{"href":"https:\/\/kimmidoll.hu\/en\/wp-json\/wp\/v2\/media?parent=2190"}],"wp:term":[{"taxonomy":"product_cat","embeddable":true,"href":"https:\/\/kimmidoll.hu\/en\/wp-json\/wp\/v2\/product_cat?post=2190"},{"taxonomy":"product_tag","embeddable":true,"href":"https:\/\/kimmidoll.hu\/en\/wp-json\/wp\/v2\/product_tag?post=2190"}],"curies":[{"name":"wp","href":"https:\/\/api.w.org\/{rel}","templated":true}]}}