{"id":2185,"date":"2017-08-11T12:09:13","date_gmt":"2017-08-11T12:09:13","guid":{"rendered":"http:\/\/kimmidoll.hu\/shop\/mani-cica-28\/"},"modified":"2024-09-22T19:08:57","modified_gmt":"2024-09-22T19:08:57","slug":"mani-cica-28","status":"publish","type":"product","link":"https:\/\/kimmidoll.hu\/en\/shop\/mani-cica-28\/","title":{"rendered":"Mani cica 28 MLCF"},"content":{"rendered":"<p>Mani t\u00f6bb keleti kult\u00fara szerint szerencs\u00e9t hoz a gazd\u00e1j\u00e1nak. A szerencs\u00e9n k\u00edv\u00fcl a boldogs\u00e1g \u00e9s gazdags\u00e1g talizm\u00e1nja is. A hagyom\u00e1nyos \u00e1zsiai haszn\u00e1lat\u00e1nak megfelel\u0151en aj\u00e1nljuk otthonra, irod\u00e1ba, \u00fczletbe, szalonba, \u00e9tterembe, de ak\u00e1r olyan nyaral\u00f3ba is, ahol hosszabb id\u0151t t\u00f6lt az \u00e9v sor\u00e1n, vagy b\u00e1rhol, ahol vend\u00e9geket \/ \u00fcgyfeleket fogad. Szerencse talizm\u00e1n szerep\u00e9n k\u00edv\u00fcl Mani berendez\u00e9si t\u00e1rgyk\u00e9nt lak\u00e1sa d\u00edsze is lesz, \u00edgy aj\u00e1nd\u00e9knak is ide\u00e1lis. A szerencsecica t\u00f6rt\u00e9net\u00e9r\u0151l <a href=\"http:\/\/kimmidoll.hu\/mani-a-szerencsecica-tortenete\/\">blogunkban b\u0151vebben<\/a> olvashat.<\/p>\n<p>Kimmidoll Mani cica 28, magass\u00e1g: 110 mm, k\u00f6vekkel d\u00edsz\u00edtett nyak\u00f6rv\u00e9re k\u00edv\u00e1ns\u00e1g charm akaszthat\u00f3, menta sz\u00edn\u0171<\/p>\n","protected":false},"excerpt":{"rendered":"<p class=\"qtranxs-available-languages-message qtranxs-available-languages-message-en\">Sorry, this entry is only available in <a href=\"https:\/\/kimmidoll.hu\/hu\/wp-json\/wp\/v2\/product\/2185\" class=\"qtranxs-available-language-link qtranxs-available-language-link-hu\" title=\"Magyar\">Hungarian<\/a>.<\/p>\n","protected":false},"featured_media":2173,"comment_status":"closed","ping_status":"closed","template":"","meta":[],"product_cat":[20,60],"product_tag":[61,53],"aioseo_notices":[],"_links":{"self":[{"href":"https:\/\/kimmidoll.hu\/en\/wp-json\/wp\/v2\/product\/2185"}],"collection":[{"href":"https:\/\/kimmidoll.hu\/en\/wp-json\/wp\/v2\/product"}],"about":[{"href":"https:\/\/kimmidoll.hu\/en\/wp-json\/wp\/v2\/types\/product"}],"replies":[{"embeddable":true,"href":"https:\/\/kimmidoll.hu\/en\/wp-json\/wp\/v2\/comments?post=2185"}],"wp:featuredmedia":[{"embeddable":true,"href":"https:\/\/kimmidoll.hu\/en\/wp-json\/wp\/v2\/media\/2173"}],"wp:attachment":[{"href":"https:\/\/kimmidoll.hu\/en\/wp-json\/wp\/v2\/media?parent=2185"}],"wp:term":[{"taxonomy":"product_cat","embeddable":true,"href":"https:\/\/kimmidoll.hu\/en\/wp-json\/wp\/v2\/product_cat?post=2185"},{"taxonomy":"product_tag","embeddable":true,"href":"https:\/\/kimmidoll.hu\/en\/wp-json\/wp\/v2\/product_tag?post=2185"}],"curies":[{"name":"wp","href":"https:\/\/api.w.org\/{rel}","templated":true}]}}