{"id":2037,"date":"2017-04-01T18:16:30","date_gmt":"2017-04-01T18:16:30","guid":{"rendered":"http:\/\/kimmidoll.hu\/shop\/charm-kulcstarto-makoto-oszinte\/"},"modified":"2022-10-09T12:08:35","modified_gmt":"2022-10-09T12:08:35","slug":"charm-kulcstarto-makoto-oszinte","status":"publish","type":"product","link":"https:\/\/kimmidoll.hu\/en\/shop\/charm-kulcstarto-makoto-oszinte\/","title":{"rendered":"Hajkefe- Chika &#8216;b\u00f6lcs&#8217;"},"content":{"rendered":"<p>Kimmidoll Kulcstart\u00f3, kerek &#8211; Makoto, 6cm \u00e1tm\u00e9r\u0151<\/p>\n","protected":false},"excerpt":{"rendered":"<p>Keychan, Hearrt &#8211; Yuka, size: 6,5 cm<\/p>\n","protected":false},"featured_media":2000,"comment_status":"closed","ping_status":"closed","template":"","meta":[],"product_cat":[21],"product_tag":[73],"aioseo_notices":[],"_links":{"self":[{"href":"https:\/\/kimmidoll.hu\/en\/wp-json\/wp\/v2\/product\/2037"}],"collection":[{"href":"https:\/\/kimmidoll.hu\/en\/wp-json\/wp\/v2\/product"}],"about":[{"href":"https:\/\/kimmidoll.hu\/en\/wp-json\/wp\/v2\/types\/product"}],"replies":[{"embeddable":true,"href":"https:\/\/kimmidoll.hu\/en\/wp-json\/wp\/v2\/comments?post=2037"}],"wp:featuredmedia":[{"embeddable":true,"href":"https:\/\/kimmidoll.hu\/en\/wp-json\/wp\/v2\/media\/2000"}],"wp:attachment":[{"href":"https:\/\/kimmidoll.hu\/en\/wp-json\/wp\/v2\/media?parent=2037"}],"wp:term":[{"taxonomy":"product_cat","embeddable":true,"href":"https:\/\/kimmidoll.hu\/en\/wp-json\/wp\/v2\/product_cat?post=2037"},{"taxonomy":"product_tag","embeddable":true,"href":"https:\/\/kimmidoll.hu\/en\/wp-json\/wp\/v2\/product_tag?post=2037"}],"curies":[{"name":"wp","href":"https:\/\/api.w.org\/{rel}","templated":true}]}}