{"id":2023,"date":"2017-03-29T09:34:00","date_gmt":"2017-03-29T09:34:00","guid":{"rendered":"http:\/\/kimmidoll.hu\/shop\/taska-chika-bolcsesseg\/"},"modified":"2025-12-16T12:30:39","modified_gmt":"2025-12-16T12:30:39","slug":"taska-chika-bolcsesseg","status":"publish","type":"product","link":"https:\/\/kimmidoll.hu\/en\/shop\/taska-chika-bolcsesseg\/","title":{"rendered":"Hiroko maxi &#8220;nagylelk\u0171&#8221;"},"content":{"rendered":"<p>A t\u00e1ska \u00f6lt\u00f6ztet! Meg szeretn\u00e9d lepni magad vagy egy kedves bar\u00e1tod, csal\u00e1dtagod egy k\u00fcl\u00f6nleges, st\u00edlusos, trendi t\u00e1sk\u00e1val? A Kimmidoll t\u00e1sk\u00e1i, vagy utaz\u00e1shoz b\u0151r\u00f6ndjei k\u00f6z\u00fcl b\u00e1tran v\u00e1laszthat, biztosan praktikus \u00e9s gy\u00f6ny\u00f6r\u0171 darab lesz.<\/p>\n<p>Kimmidoll T\u00e1ska &#8211; Chika,, v\u00e1szon, 1 zippz\u00e1ras, 2 sima zseb bel\u00fcl<\/p>\n","protected":false},"excerpt":{"rendered":"<p>Tote bag &#8211; Mizuyo<\/p>\n","protected":false},"featured_media":1989,"comment_status":"closed","ping_status":"closed","template":"","meta":[],"product_cat":[54],"product_tag":[84,57],"aioseo_notices":[],"_links":{"self":[{"href":"https:\/\/kimmidoll.hu\/en\/wp-json\/wp\/v2\/product\/2023"}],"collection":[{"href":"https:\/\/kimmidoll.hu\/en\/wp-json\/wp\/v2\/product"}],"about":[{"href":"https:\/\/kimmidoll.hu\/en\/wp-json\/wp\/v2\/types\/product"}],"replies":[{"embeddable":true,"href":"https:\/\/kimmidoll.hu\/en\/wp-json\/wp\/v2\/comments?post=2023"}],"wp:featuredmedia":[{"embeddable":true,"href":"https:\/\/kimmidoll.hu\/en\/wp-json\/wp\/v2\/media\/1989"}],"wp:attachment":[{"href":"https:\/\/kimmidoll.hu\/en\/wp-json\/wp\/v2\/media?parent=2023"}],"wp:term":[{"taxonomy":"product_cat","embeddable":true,"href":"https:\/\/kimmidoll.hu\/en\/wp-json\/wp\/v2\/product_cat?post=2023"},{"taxonomy":"product_tag","embeddable":true,"href":"https:\/\/kimmidoll.hu\/en\/wp-json\/wp\/v2\/product_tag?post=2023"}],"curies":[{"name":"wp","href":"https:\/\/api.w.org\/{rel}","templated":true}]}}