{"id":2016,"date":"2017-03-29T08:58:02","date_gmt":"2017-03-29T08:58:02","guid":{"rendered":"http:\/\/kimmidoll.hu\/shop\/makoto-maxi-oszinte\/"},"modified":"2020-11-14T15:53:16","modified_gmt":"2020-11-14T15:53:16","slug":"makoto-maxi-oszinte","status":"publish","type":"product","link":"https:\/\/kimmidoll.hu\/en\/shop\/makoto-maxi-oszinte\/","title":{"rendered":"Makoto maxi &#8220;\u0151sz\u00ednte&#8221; (doboz n\u00e9lk\u00fcl)"},"content":{"rendered":"<p>Kimmidoll baba Makoto maxi &#8220;\u0151sz\u00ednte&#8221; karakter, magass\u00e1g: 10 cm<\/p>\n","protected":false},"excerpt":{"rendered":"<p class=\"qtranxs-available-languages-message qtranxs-available-languages-message-en\">Sorry, this entry is only available in <a href=\"https:\/\/kimmidoll.hu\/hu\/wp-json\/wp\/v2\/product\/2016\" class=\"qtranxs-available-language-link qtranxs-available-language-link-hu\" title=\"Magyar\">Hungarian<\/a>.<\/p>\n","protected":false},"featured_media":2008,"comment_status":"closed","ping_status":"closed","template":"","meta":[],"product_cat":[56,20],"product_tag":[53],"aioseo_notices":[],"_links":{"self":[{"href":"https:\/\/kimmidoll.hu\/en\/wp-json\/wp\/v2\/product\/2016"}],"collection":[{"href":"https:\/\/kimmidoll.hu\/en\/wp-json\/wp\/v2\/product"}],"about":[{"href":"https:\/\/kimmidoll.hu\/en\/wp-json\/wp\/v2\/types\/product"}],"replies":[{"embeddable":true,"href":"https:\/\/kimmidoll.hu\/en\/wp-json\/wp\/v2\/comments?post=2016"}],"wp:featuredmedia":[{"embeddable":true,"href":"https:\/\/kimmidoll.hu\/en\/wp-json\/wp\/v2\/media\/2008"}],"wp:attachment":[{"href":"https:\/\/kimmidoll.hu\/en\/wp-json\/wp\/v2\/media?parent=2016"}],"wp:term":[{"taxonomy":"product_cat","embeddable":true,"href":"https:\/\/kimmidoll.hu\/en\/wp-json\/wp\/v2\/product_cat?post=2016"},{"taxonomy":"product_tag","embeddable":true,"href":"https:\/\/kimmidoll.hu\/en\/wp-json\/wp\/v2\/product_tag?post=2016"}],"curies":[{"name":"wp","href":"https:\/\/api.w.org\/{rel}","templated":true}]}}