{"id":1692,"date":"2016-10-21T12:10:05","date_gmt":"2016-10-21T12:10:05","guid":{"rendered":"http:\/\/kimmidoll.hu\/shop\/kanako-karakter\/"},"modified":"2016-12-19T14:20:59","modified_gmt":"2016-12-19T14:20:59","slug":"kanako-karakter","status":"publish","type":"product","link":"https:\/\/kimmidoll.hu\/en\/shop\/kanako-karakter\/","title":{"rendered":"Kanako &#8211; Karakter"},"content":{"rendered":"<p>Kimmidoll Kanako, a &#8220;sz\u00ednpomp\u00e1s&#8221; M\u00e9rete: 6 cm<\/p>\n","protected":false},"excerpt":{"rendered":"<p>Kanako &#8211; Character, size: 6 cm<\/p>\n","protected":false},"featured_media":1693,"comment_status":"closed","ping_status":"closed","template":"","meta":[],"product_cat":[56,20],"product_tag":[57,19,39],"aioseo_notices":[],"_links":{"self":[{"href":"https:\/\/kimmidoll.hu\/en\/wp-json\/wp\/v2\/product\/1692"}],"collection":[{"href":"https:\/\/kimmidoll.hu\/en\/wp-json\/wp\/v2\/product"}],"about":[{"href":"https:\/\/kimmidoll.hu\/en\/wp-json\/wp\/v2\/types\/product"}],"replies":[{"embeddable":true,"href":"https:\/\/kimmidoll.hu\/en\/wp-json\/wp\/v2\/comments?post=1692"}],"wp:featuredmedia":[{"embeddable":true,"href":"https:\/\/kimmidoll.hu\/en\/wp-json\/wp\/v2\/media\/1693"}],"wp:attachment":[{"href":"https:\/\/kimmidoll.hu\/en\/wp-json\/wp\/v2\/media?parent=1692"}],"wp:term":[{"taxonomy":"product_cat","embeddable":true,"href":"https:\/\/kimmidoll.hu\/en\/wp-json\/wp\/v2\/product_cat?post=1692"},{"taxonomy":"product_tag","embeddable":true,"href":"https:\/\/kimmidoll.hu\/en\/wp-json\/wp\/v2\/product_tag?post=1692"}],"curies":[{"name":"wp","href":"https:\/\/api.w.org\/{rel}","templated":true}]}}