{"id":1682,"date":"2016-10-21T11:40:12","date_gmt":"2016-10-21T11:40:12","guid":{"rendered":"http:\/\/kimmidoll.hu\/shop\/raven-szett-raven\/"},"modified":"2022-10-09T12:03:06","modified_gmt":"2022-10-09T12:03:06","slug":"raven-szett-raven","status":"publish","type":"product","link":"https:\/\/kimmidoll.hu\/en\/shop\/raven-szett-raven\/","title":{"rendered":"Naomi szett &#8211; Naomi"},"content":{"rendered":"<p>Kimmidoll Raven szett &#8211; Raven t\u00fck\u00f6r \u00e9s kark\u00f6t\u0151<\/p>\n","protected":false},"excerpt":{"rendered":"<p>Raven sett &#8211; Raven<\/p>\n","protected":false},"featured_media":1684,"comment_status":"closed","ping_status":"closed","template":"","meta":[],"product_cat":[90,56],"product_tag":[91,57],"aioseo_notices":[],"_links":{"self":[{"href":"https:\/\/kimmidoll.hu\/en\/wp-json\/wp\/v2\/product\/1682"}],"collection":[{"href":"https:\/\/kimmidoll.hu\/en\/wp-json\/wp\/v2\/product"}],"about":[{"href":"https:\/\/kimmidoll.hu\/en\/wp-json\/wp\/v2\/types\/product"}],"replies":[{"embeddable":true,"href":"https:\/\/kimmidoll.hu\/en\/wp-json\/wp\/v2\/comments?post=1682"}],"wp:featuredmedia":[{"embeddable":true,"href":"https:\/\/kimmidoll.hu\/en\/wp-json\/wp\/v2\/media\/1684"}],"wp:attachment":[{"href":"https:\/\/kimmidoll.hu\/en\/wp-json\/wp\/v2\/media?parent=1682"}],"wp:term":[{"taxonomy":"product_cat","embeddable":true,"href":"https:\/\/kimmidoll.hu\/en\/wp-json\/wp\/v2\/product_cat?post=1682"},{"taxonomy":"product_tag","embeddable":true,"href":"https:\/\/kimmidoll.hu\/en\/wp-json\/wp\/v2\/product_tag?post=1682"}],"curies":[{"name":"wp","href":"https:\/\/api.w.org\/{rel}","templated":true}]}}