{"id":1666,"date":"2016-10-21T11:00:23","date_gmt":"2016-10-21T11:00:23","guid":{"rendered":"http:\/\/kimmidoll.hu\/shop\/taskatarto-naomi\/"},"modified":"2020-12-12T20:37:41","modified_gmt":"2020-12-12T20:37:41","slug":"taskatarto-naomi","status":"publish","type":"product","link":"https:\/\/kimmidoll.hu\/en\/shop\/taskatarto-naomi\/","title":{"rendered":"T\u00e1skatart\u00f3 &#8211; Naomi"},"content":{"rendered":"<p>Kimmidoll T\u00e1skatart\u00f3 &#8211; Naomi<\/p>\n","protected":false},"excerpt":{"rendered":"<p>Handbag hanger &#8211; Naomi<\/p>\n","protected":false},"featured_media":1667,"comment_status":"closed","ping_status":"closed","template":"","meta":[],"product_cat":[88,56,54],"product_tag":[89,57],"aioseo_notices":[],"_links":{"self":[{"href":"https:\/\/kimmidoll.hu\/en\/wp-json\/wp\/v2\/product\/1666"}],"collection":[{"href":"https:\/\/kimmidoll.hu\/en\/wp-json\/wp\/v2\/product"}],"about":[{"href":"https:\/\/kimmidoll.hu\/en\/wp-json\/wp\/v2\/types\/product"}],"replies":[{"embeddable":true,"href":"https:\/\/kimmidoll.hu\/en\/wp-json\/wp\/v2\/comments?post=1666"}],"wp:featuredmedia":[{"embeddable":true,"href":"https:\/\/kimmidoll.hu\/en\/wp-json\/wp\/v2\/media\/1667"}],"wp:attachment":[{"href":"https:\/\/kimmidoll.hu\/en\/wp-json\/wp\/v2\/media?parent=1666"}],"wp:term":[{"taxonomy":"product_cat","embeddable":true,"href":"https:\/\/kimmidoll.hu\/en\/wp-json\/wp\/v2\/product_cat?post=1666"},{"taxonomy":"product_tag","embeddable":true,"href":"https:\/\/kimmidoll.hu\/en\/wp-json\/wp\/v2\/product_tag?post=1666"}],"curies":[{"name":"wp","href":"https:\/\/api.w.org\/{rel}","templated":true}]}}