{"id":1575,"date":"2016-10-21T06:43:59","date_gmt":"2016-10-21T06:43:59","guid":{"rendered":"http:\/\/kimmidoll.hu\/shop\/kulcstarto-sziv-yuka\/"},"modified":"2026-03-05T14:13:48","modified_gmt":"2026-03-05T14:13:48","slug":"kulcstarto-sziv-yuka","status":"publish","type":"product","link":"https:\/\/kimmidoll.hu\/en\/shop\/kulcstarto-sziv-yuka\/","title":{"rendered":"kulcstart\u00f3, Charm &#8211; Yuka"},"content":{"rendered":"<p>Kimmidoll Kulcstart\u00f3, Sz\u00edv &#8211; Yuka, 6,5cm sz\u00e9les<\/p>\n","protected":false},"excerpt":{"rendered":"<p>Keychan, Hearrt &#8211; Yuka, size: 6,5 cm<\/p>\n","protected":false},"featured_media":1576,"comment_status":"closed","ping_status":"closed","template":"","meta":[],"product_cat":[21],"product_tag":[73],"aioseo_notices":[],"_links":{"self":[{"href":"https:\/\/kimmidoll.hu\/en\/wp-json\/wp\/v2\/product\/1575"}],"collection":[{"href":"https:\/\/kimmidoll.hu\/en\/wp-json\/wp\/v2\/product"}],"about":[{"href":"https:\/\/kimmidoll.hu\/en\/wp-json\/wp\/v2\/types\/product"}],"replies":[{"embeddable":true,"href":"https:\/\/kimmidoll.hu\/en\/wp-json\/wp\/v2\/comments?post=1575"}],"wp:featuredmedia":[{"embeddable":true,"href":"https:\/\/kimmidoll.hu\/en\/wp-json\/wp\/v2\/media\/1576"}],"wp:attachment":[{"href":"https:\/\/kimmidoll.hu\/en\/wp-json\/wp\/v2\/media?parent=1575"}],"wp:term":[{"taxonomy":"product_cat","embeddable":true,"href":"https:\/\/kimmidoll.hu\/en\/wp-json\/wp\/v2\/product_cat?post=1575"},{"taxonomy":"product_tag","embeddable":true,"href":"https:\/\/kimmidoll.hu\/en\/wp-json\/wp\/v2\/product_tag?post=1575"}],"curies":[{"name":"wp","href":"https:\/\/api.w.org\/{rel}","templated":true}]}}