{"id":1417,"date":"2016-10-18T10:17:33","date_gmt":"2016-10-18T10:17:33","guid":{"rendered":"http:\/\/kimmidoll.hu\/shop\/papir-nehezek-mizuyo\/"},"modified":"2021-12-21T19:46:25","modified_gmt":"2021-12-21T19:46:25","slug":"papir-nehezek-mizuyo","status":"publish","type":"product","link":"https:\/\/kimmidoll.hu\/en\/shop\/papir-nehezek-mizuyo\/","title":{"rendered":"Pap\u00edr nehez\u00e9k &#8211; Mihoko"},"content":{"rendered":"<p>Kimmidoll Pap\u00edr nehez\u00e9k &#8211; Mizuyo, \u00fcveg d\u00f3m, gy\u00f6ny\u00f6r\u0171 csillog\u00e1s a napf\u00e9nyben<\/p>\n","protected":false},"excerpt":{"rendered":"<p>Glass paper weight &#8211; Mizuyo<\/p>\n","protected":false},"featured_media":1418,"comment_status":"closed","ping_status":"closed","template":"","meta":[],"product_cat":[92,56],"product_tag":[93,57],"aioseo_notices":[],"_links":{"self":[{"href":"https:\/\/kimmidoll.hu\/en\/wp-json\/wp\/v2\/product\/1417"}],"collection":[{"href":"https:\/\/kimmidoll.hu\/en\/wp-json\/wp\/v2\/product"}],"about":[{"href":"https:\/\/kimmidoll.hu\/en\/wp-json\/wp\/v2\/types\/product"}],"replies":[{"embeddable":true,"href":"https:\/\/kimmidoll.hu\/en\/wp-json\/wp\/v2\/comments?post=1417"}],"wp:featuredmedia":[{"embeddable":true,"href":"https:\/\/kimmidoll.hu\/en\/wp-json\/wp\/v2\/media\/1418"}],"wp:attachment":[{"href":"https:\/\/kimmidoll.hu\/en\/wp-json\/wp\/v2\/media?parent=1417"}],"wp:term":[{"taxonomy":"product_cat","embeddable":true,"href":"https:\/\/kimmidoll.hu\/en\/wp-json\/wp\/v2\/product_cat?post=1417"},{"taxonomy":"product_tag","embeddable":true,"href":"https:\/\/kimmidoll.hu\/en\/wp-json\/wp\/v2\/product_tag?post=1417"}],"curies":[{"name":"wp","href":"https:\/\/api.w.org\/{rel}","templated":true}]}}