{"id":1383,"date":"2016-10-18T07:54:43","date_gmt":"2016-10-18T07:54:43","guid":{"rendered":"http:\/\/kimmidoll.hu\/shop\/korommatrica-reszelo-tilly\/"},"modified":"2017-01-02T08:34:15","modified_gmt":"2017-01-02T08:34:15","slug":"korommatrica-reszelo-tilly","status":"publish","type":"product","link":"https:\/\/kimmidoll.hu\/en\/shop\/korommatrica-reszelo-tilly\/","title":{"rendered":"K\u00f6r\u00f6mmatrica + reszel\u0151 &#8211; Tilly"},"content":{"rendered":"<p>Kimmidoll K\u00f6r\u00f6mmatrica + reszel\u0151 &#8211; Tilly<\/p>\n","protected":false},"excerpt":{"rendered":"<p>Nail sticker &#8211; Tilly<\/p>\n","protected":false},"featured_media":1384,"comment_status":"closed","ping_status":"closed","template":"","meta":[],"product_cat":[56,50],"product_tag":[57,33,77],"aioseo_notices":[],"_links":{"self":[{"href":"https:\/\/kimmidoll.hu\/en\/wp-json\/wp\/v2\/product\/1383"}],"collection":[{"href":"https:\/\/kimmidoll.hu\/en\/wp-json\/wp\/v2\/product"}],"about":[{"href":"https:\/\/kimmidoll.hu\/en\/wp-json\/wp\/v2\/types\/product"}],"replies":[{"embeddable":true,"href":"https:\/\/kimmidoll.hu\/en\/wp-json\/wp\/v2\/comments?post=1383"}],"wp:featuredmedia":[{"embeddable":true,"href":"https:\/\/kimmidoll.hu\/en\/wp-json\/wp\/v2\/media\/1384"}],"wp:attachment":[{"href":"https:\/\/kimmidoll.hu\/en\/wp-json\/wp\/v2\/media?parent=1383"}],"wp:term":[{"taxonomy":"product_cat","embeddable":true,"href":"https:\/\/kimmidoll.hu\/en\/wp-json\/wp\/v2\/product_cat?post=1383"},{"taxonomy":"product_tag","embeddable":true,"href":"https:\/\/kimmidoll.hu\/en\/wp-json\/wp\/v2\/product_tag?post=1383"}],"curies":[{"name":"wp","href":"https:\/\/api.w.org\/{rel}","templated":true}]}}