{"id":1381,"date":"2016-10-18T07:50:21","date_gmt":"2016-10-18T07:50:21","guid":{"rendered":"http:\/\/kimmidoll.hu\/shop\/korommatrica-reszelo-jasmine\/"},"modified":"2020-12-18T11:57:19","modified_gmt":"2020-12-18T11:57:19","slug":"korommatrica-reszelo-jasmine","status":"publish","type":"product","link":"https:\/\/kimmidoll.hu\/en\/shop\/korommatrica-reszelo-jasmine\/","title":{"rendered":"K\u00f6r\u00f6mmatrica + reszel\u0151 &#8211; Jasmine"},"content":{"rendered":"<p>Kimmidoll K\u00f6r\u00f6mmatrica + reszel\u0151 &#8211; Jasmine<\/p>\n","protected":false},"excerpt":{"rendered":"<p>Nail sticker &#8211; Jasmine<\/p>\n","protected":false},"featured_media":1382,"comment_status":"closed","ping_status":"closed","template":"","meta":[],"product_cat":[56,50],"product_tag":[57,33,77],"aioseo_notices":[],"_links":{"self":[{"href":"https:\/\/kimmidoll.hu\/en\/wp-json\/wp\/v2\/product\/1381"}],"collection":[{"href":"https:\/\/kimmidoll.hu\/en\/wp-json\/wp\/v2\/product"}],"about":[{"href":"https:\/\/kimmidoll.hu\/en\/wp-json\/wp\/v2\/types\/product"}],"replies":[{"embeddable":true,"href":"https:\/\/kimmidoll.hu\/en\/wp-json\/wp\/v2\/comments?post=1381"}],"wp:featuredmedia":[{"embeddable":true,"href":"https:\/\/kimmidoll.hu\/en\/wp-json\/wp\/v2\/media\/1382"}],"wp:attachment":[{"href":"https:\/\/kimmidoll.hu\/en\/wp-json\/wp\/v2\/media?parent=1381"}],"wp:term":[{"taxonomy":"product_cat","embeddable":true,"href":"https:\/\/kimmidoll.hu\/en\/wp-json\/wp\/v2\/product_cat?post=1381"},{"taxonomy":"product_tag","embeddable":true,"href":"https:\/\/kimmidoll.hu\/en\/wp-json\/wp\/v2\/product_tag?post=1381"}],"curies":[{"name":"wp","href":"https:\/\/api.w.org\/{rel}","templated":true}]}}