{"id":1377,"date":"2016-10-18T07:44:23","date_gmt":"2016-10-18T07:44:23","guid":{"rendered":"http:\/\/kimmidoll.hu\/shop\/karkoto-sophie\/"},"modified":"2021-12-12T11:14:29","modified_gmt":"2021-12-12T11:14:29","slug":"karkoto-sophie","status":"publish","type":"product","link":"https:\/\/kimmidoll.hu\/en\/shop\/karkoto-sophie\/","title":{"rendered":"Kark\u00f6t\u0151 &#8211; Sophie"},"content":{"rendered":"<p>Kimmidoll Kark\u00f6t\u0151 &#8211; Sophie<\/p>\n","protected":false},"excerpt":{"rendered":"<p>Bracelet &#8211; Sophie<\/p>\n","protected":false},"featured_media":1378,"comment_status":"closed","ping_status":"closed","template":"","meta":[],"product_cat":[56,50],"product_tag":[57,33,77],"aioseo_notices":[],"_links":{"self":[{"href":"https:\/\/kimmidoll.hu\/en\/wp-json\/wp\/v2\/product\/1377"}],"collection":[{"href":"https:\/\/kimmidoll.hu\/en\/wp-json\/wp\/v2\/product"}],"about":[{"href":"https:\/\/kimmidoll.hu\/en\/wp-json\/wp\/v2\/types\/product"}],"replies":[{"embeddable":true,"href":"https:\/\/kimmidoll.hu\/en\/wp-json\/wp\/v2\/comments?post=1377"}],"wp:featuredmedia":[{"embeddable":true,"href":"https:\/\/kimmidoll.hu\/en\/wp-json\/wp\/v2\/media\/1378"}],"wp:attachment":[{"href":"https:\/\/kimmidoll.hu\/en\/wp-json\/wp\/v2\/media?parent=1377"}],"wp:term":[{"taxonomy":"product_cat","embeddable":true,"href":"https:\/\/kimmidoll.hu\/en\/wp-json\/wp\/v2\/product_cat?post=1377"},{"taxonomy":"product_tag","embeddable":true,"href":"https:\/\/kimmidoll.hu\/en\/wp-json\/wp\/v2\/product_tag?post=1377"}],"curies":[{"name":"wp","href":"https:\/\/api.w.org\/{rel}","templated":true}]}}