{"id":1375,"date":"2016-10-18T07:40:17","date_gmt":"2016-10-18T07:40:17","guid":{"rendered":"http:\/\/kimmidoll.hu\/shop\/karkoto-jasmine\/"},"modified":"2017-01-02T08:34:59","modified_gmt":"2017-01-02T08:34:59","slug":"karkoto-jasmine","status":"publish","type":"product","link":"https:\/\/kimmidoll.hu\/en\/shop\/karkoto-jasmine\/","title":{"rendered":"Kark\u00f6t\u0151 &#8211; Jasmine"},"content":{"rendered":"<p>Kimmidoll Kark\u00f6t\u0151 &#8211; Jasmine<\/p>\n","protected":false},"excerpt":{"rendered":"<p>Bracelet &#8211; Jasmine<\/p>\n","protected":false},"featured_media":1376,"comment_status":"closed","ping_status":"closed","template":"","meta":[],"product_cat":[56,50],"product_tag":[57,33,77],"aioseo_notices":[],"_links":{"self":[{"href":"https:\/\/kimmidoll.hu\/en\/wp-json\/wp\/v2\/product\/1375"}],"collection":[{"href":"https:\/\/kimmidoll.hu\/en\/wp-json\/wp\/v2\/product"}],"about":[{"href":"https:\/\/kimmidoll.hu\/en\/wp-json\/wp\/v2\/types\/product"}],"replies":[{"embeddable":true,"href":"https:\/\/kimmidoll.hu\/en\/wp-json\/wp\/v2\/comments?post=1375"}],"wp:featuredmedia":[{"embeddable":true,"href":"https:\/\/kimmidoll.hu\/en\/wp-json\/wp\/v2\/media\/1376"}],"wp:attachment":[{"href":"https:\/\/kimmidoll.hu\/en\/wp-json\/wp\/v2\/media?parent=1375"}],"wp:term":[{"taxonomy":"product_cat","embeddable":true,"href":"https:\/\/kimmidoll.hu\/en\/wp-json\/wp\/v2\/product_cat?post=1375"},{"taxonomy":"product_tag","embeddable":true,"href":"https:\/\/kimmidoll.hu\/en\/wp-json\/wp\/v2\/product_tag?post=1375"}],"curies":[{"name":"wp","href":"https:\/\/api.w.org\/{rel}","templated":true}]}}