{"id":1365,"date":"2016-10-18T07:23:13","date_gmt":"2016-10-18T07:23:13","guid":{"rendered":"http:\/\/kimmidoll.hu\/shop\/fulbevalo-violet\/"},"modified":"2021-09-22T09:53:49","modified_gmt":"2021-09-22T09:53:49","slug":"fulbevalo-violet","status":"publish","type":"product","link":"https:\/\/kimmidoll.hu\/en\/shop\/fulbevalo-violet\/","title":{"rendered":"F\u00fclbeval\u00f3 &#8211; Violet"},"content":{"rendered":"<p>Kimmidoll F\u00fclbeval\u00f3 &#8211; Violet<\/p>\n","protected":false},"excerpt":{"rendered":"<p>Earring &#8211; Violet<\/p>\n","protected":false},"featured_media":1366,"comment_status":"closed","ping_status":"closed","template":"","meta":[],"product_cat":[56,50],"product_tag":[57,33,77],"aioseo_notices":[],"_links":{"self":[{"href":"https:\/\/kimmidoll.hu\/en\/wp-json\/wp\/v2\/product\/1365"}],"collection":[{"href":"https:\/\/kimmidoll.hu\/en\/wp-json\/wp\/v2\/product"}],"about":[{"href":"https:\/\/kimmidoll.hu\/en\/wp-json\/wp\/v2\/types\/product"}],"replies":[{"embeddable":true,"href":"https:\/\/kimmidoll.hu\/en\/wp-json\/wp\/v2\/comments?post=1365"}],"wp:featuredmedia":[{"embeddable":true,"href":"https:\/\/kimmidoll.hu\/en\/wp-json\/wp\/v2\/media\/1366"}],"wp:attachment":[{"href":"https:\/\/kimmidoll.hu\/en\/wp-json\/wp\/v2\/media?parent=1365"}],"wp:term":[{"taxonomy":"product_cat","embeddable":true,"href":"https:\/\/kimmidoll.hu\/en\/wp-json\/wp\/v2\/product_cat?post=1365"},{"taxonomy":"product_tag","embeddable":true,"href":"https:\/\/kimmidoll.hu\/en\/wp-json\/wp\/v2\/product_tag?post=1365"}],"curies":[{"name":"wp","href":"https:\/\/api.w.org\/{rel}","templated":true}]}}