{"id":1363,"date":"2016-10-18T07:20:26","date_gmt":"2016-10-18T07:20:26","guid":{"rendered":"http:\/\/kimmidoll.hu\/shop\/ekszertarto-violet\/"},"modified":"2021-12-12T11:14:29","modified_gmt":"2021-12-12T11:14:29","slug":"ekszertarto-violet","status":"publish","type":"product","link":"https:\/\/kimmidoll.hu\/en\/shop\/ekszertarto-violet\/","title":{"rendered":"\u00c9kszertart\u00f3 &#8211; Violet"},"content":{"rendered":"<p>Kimmidoll \u00c9kszertart\u00f3 &#8211; Violet, m\u00e9ret: 13x11x13cm<\/p>\n","protected":false},"excerpt":{"rendered":"<p>Trinket box &#8211; Violet<\/p>\n","protected":false},"featured_media":1364,"comment_status":"closed","ping_status":"closed","template":"","meta":[],"product_cat":[56,50],"product_tag":[57,33,77],"aioseo_notices":[],"_links":{"self":[{"href":"https:\/\/kimmidoll.hu\/en\/wp-json\/wp\/v2\/product\/1363"}],"collection":[{"href":"https:\/\/kimmidoll.hu\/en\/wp-json\/wp\/v2\/product"}],"about":[{"href":"https:\/\/kimmidoll.hu\/en\/wp-json\/wp\/v2\/types\/product"}],"replies":[{"embeddable":true,"href":"https:\/\/kimmidoll.hu\/en\/wp-json\/wp\/v2\/comments?post=1363"}],"wp:featuredmedia":[{"embeddable":true,"href":"https:\/\/kimmidoll.hu\/en\/wp-json\/wp\/v2\/media\/1364"}],"wp:attachment":[{"href":"https:\/\/kimmidoll.hu\/en\/wp-json\/wp\/v2\/media?parent=1363"}],"wp:term":[{"taxonomy":"product_cat","embeddable":true,"href":"https:\/\/kimmidoll.hu\/en\/wp-json\/wp\/v2\/product_cat?post=1363"},{"taxonomy":"product_tag","embeddable":true,"href":"https:\/\/kimmidoll.hu\/en\/wp-json\/wp\/v2\/product_tag?post=1363"}],"curies":[{"name":"wp","href":"https:\/\/api.w.org\/{rel}","templated":true}]}}