{"id":1360,"date":"2016-10-18T07:15:17","date_gmt":"2016-10-18T07:15:17","guid":{"rendered":"http:\/\/kimmidoll.hu\/shop\/ekszertarto-taylor\/"},"modified":"2017-01-02T08:36:12","modified_gmt":"2017-01-02T08:36:12","slug":"ekszertarto-taylor","status":"publish","type":"product","link":"https:\/\/kimmidoll.hu\/en\/shop\/ekszertarto-taylor\/","title":{"rendered":"\u00c9kszertart\u00f3 &#8211; Taylor"},"content":{"rendered":"<p>Kimmidoll \u00c9kszertart\u00f3 &#8211; Taylor (a term\u00e9k r\u00f3zsasz\u00edn)<\/p>\n","protected":false},"excerpt":{"rendered":"<p>Trinket box &#8211; Taylor<\/p>\n","protected":false},"featured_media":1361,"comment_status":"closed","ping_status":"closed","template":"","meta":[],"product_cat":[56,50],"product_tag":[57,33,77],"aioseo_notices":[],"_links":{"self":[{"href":"https:\/\/kimmidoll.hu\/en\/wp-json\/wp\/v2\/product\/1360"}],"collection":[{"href":"https:\/\/kimmidoll.hu\/en\/wp-json\/wp\/v2\/product"}],"about":[{"href":"https:\/\/kimmidoll.hu\/en\/wp-json\/wp\/v2\/types\/product"}],"replies":[{"embeddable":true,"href":"https:\/\/kimmidoll.hu\/en\/wp-json\/wp\/v2\/comments?post=1360"}],"wp:featuredmedia":[{"embeddable":true,"href":"https:\/\/kimmidoll.hu\/en\/wp-json\/wp\/v2\/media\/1361"}],"wp:attachment":[{"href":"https:\/\/kimmidoll.hu\/en\/wp-json\/wp\/v2\/media?parent=1360"}],"wp:term":[{"taxonomy":"product_cat","embeddable":true,"href":"https:\/\/kimmidoll.hu\/en\/wp-json\/wp\/v2\/product_cat?post=1360"},{"taxonomy":"product_tag","embeddable":true,"href":"https:\/\/kimmidoll.hu\/en\/wp-json\/wp\/v2\/product_tag?post=1360"}],"curies":[{"name":"wp","href":"https:\/\/api.w.org\/{rel}","templated":true}]}}