{"id":1355,"date":"2016-10-18T07:04:55","date_gmt":"2016-10-18T07:04:55","guid":{"rendered":"http:\/\/kimmidoll.hu\/shop\/ekszertarto-eden\/"},"modified":"2021-12-12T11:14:29","modified_gmt":"2021-12-12T11:14:29","slug":"ekszertarto-eden","status":"publish","type":"product","link":"https:\/\/kimmidoll.hu\/en\/shop\/ekszertarto-eden\/","title":{"rendered":"\u00c9kszertart\u00f3 &#8211; Eden"},"content":{"rendered":"<p>Kimmidoll \u00c9kszertart\u00f3 &#8211; Eden, m\u00e9ret: 13x11x13cm<\/p>\n","protected":false},"excerpt":{"rendered":"<p>Trinket box &#8211; Eden<\/p>\n","protected":false},"featured_media":1356,"comment_status":"closed","ping_status":"closed","template":"","meta":[],"product_cat":[56,50],"product_tag":[57,33,77],"aioseo_notices":[],"_links":{"self":[{"href":"https:\/\/kimmidoll.hu\/en\/wp-json\/wp\/v2\/product\/1355"}],"collection":[{"href":"https:\/\/kimmidoll.hu\/en\/wp-json\/wp\/v2\/product"}],"about":[{"href":"https:\/\/kimmidoll.hu\/en\/wp-json\/wp\/v2\/types\/product"}],"replies":[{"embeddable":true,"href":"https:\/\/kimmidoll.hu\/en\/wp-json\/wp\/v2\/comments?post=1355"}],"wp:featuredmedia":[{"embeddable":true,"href":"https:\/\/kimmidoll.hu\/en\/wp-json\/wp\/v2\/media\/1356"}],"wp:attachment":[{"href":"https:\/\/kimmidoll.hu\/en\/wp-json\/wp\/v2\/media?parent=1355"}],"wp:term":[{"taxonomy":"product_cat","embeddable":true,"href":"https:\/\/kimmidoll.hu\/en\/wp-json\/wp\/v2\/product_cat?post=1355"},{"taxonomy":"product_tag","embeddable":true,"href":"https:\/\/kimmidoll.hu\/en\/wp-json\/wp\/v2\/product_tag?post=1355"}],"curies":[{"name":"wp","href":"https:\/\/api.w.org\/{rel}","templated":true}]}}