{"id":1282,"date":"2016-10-14T14:40:02","date_gmt":"2016-10-14T14:40:02","guid":{"rendered":"http:\/\/kimmidoll.hu\/shop\/konyvjelzo-naomi\/"},"modified":"2019-05-13T07:17:29","modified_gmt":"2019-05-13T07:17:29","slug":"konyvjelzo-naomi","status":"publish","type":"product","link":"https:\/\/kimmidoll.hu\/en\/shop\/konyvjelzo-naomi\/","title":{"rendered":"k\u00f6nyvjelz\u0151 &#8211; Naomi"},"content":{"rendered":"<p>Kimmidoll k\u00f6nyvjelz\u0151 &#8211; Naomi<\/p>\n","protected":false},"excerpt":{"rendered":"<p>Bookmark &#8211; Naomi<\/p>\n","protected":false},"featured_media":1283,"comment_status":"closed","ping_status":"closed","template":"","meta":[],"product_cat":[22],"product_tag":[29],"aioseo_notices":[],"_links":{"self":[{"href":"https:\/\/kimmidoll.hu\/en\/wp-json\/wp\/v2\/product\/1282"}],"collection":[{"href":"https:\/\/kimmidoll.hu\/en\/wp-json\/wp\/v2\/product"}],"about":[{"href":"https:\/\/kimmidoll.hu\/en\/wp-json\/wp\/v2\/types\/product"}],"replies":[{"embeddable":true,"href":"https:\/\/kimmidoll.hu\/en\/wp-json\/wp\/v2\/comments?post=1282"}],"wp:featuredmedia":[{"embeddable":true,"href":"https:\/\/kimmidoll.hu\/en\/wp-json\/wp\/v2\/media\/1283"}],"wp:attachment":[{"href":"https:\/\/kimmidoll.hu\/en\/wp-json\/wp\/v2\/media?parent=1282"}],"wp:term":[{"taxonomy":"product_cat","embeddable":true,"href":"https:\/\/kimmidoll.hu\/en\/wp-json\/wp\/v2\/product_cat?post=1282"},{"taxonomy":"product_tag","embeddable":true,"href":"https:\/\/kimmidoll.hu\/en\/wp-json\/wp\/v2\/product_tag?post=1282"}],"curies":[{"name":"wp","href":"https:\/\/api.w.org\/{rel}","templated":true}]}}