{"id":1280,"date":"2016-10-14T14:36:39","date_gmt":"2016-10-14T14:36:39","guid":{"rendered":"http:\/\/kimmidoll.hu\/shop\/konyvjelzo-miyuna\/"},"modified":"2019-03-12T10:33:42","modified_gmt":"2019-03-12T10:33:42","slug":"konyvjelzo-miyuna","status":"publish","type":"product","link":"https:\/\/kimmidoll.hu\/en\/shop\/konyvjelzo-miyuna\/","title":{"rendered":"k\u00f6nyvjelz\u0151 &#8211; Miyuna"},"content":{"rendered":"<p>Kimmidoll k\u00f6nyvjelz\u0151 &#8211; Miyuna<\/p>\n","protected":false},"excerpt":{"rendered":"<p>Bookmark &#8211; Miyuna<\/p>\n","protected":false},"featured_media":1281,"comment_status":"closed","ping_status":"closed","template":"","meta":[],"product_cat":[22],"product_tag":[29],"aioseo_notices":[],"_links":{"self":[{"href":"https:\/\/kimmidoll.hu\/en\/wp-json\/wp\/v2\/product\/1280"}],"collection":[{"href":"https:\/\/kimmidoll.hu\/en\/wp-json\/wp\/v2\/product"}],"about":[{"href":"https:\/\/kimmidoll.hu\/en\/wp-json\/wp\/v2\/types\/product"}],"replies":[{"embeddable":true,"href":"https:\/\/kimmidoll.hu\/en\/wp-json\/wp\/v2\/comments?post=1280"}],"wp:featuredmedia":[{"embeddable":true,"href":"https:\/\/kimmidoll.hu\/en\/wp-json\/wp\/v2\/media\/1281"}],"wp:attachment":[{"href":"https:\/\/kimmidoll.hu\/en\/wp-json\/wp\/v2\/media?parent=1280"}],"wp:term":[{"taxonomy":"product_cat","embeddable":true,"href":"https:\/\/kimmidoll.hu\/en\/wp-json\/wp\/v2\/product_cat?post=1280"},{"taxonomy":"product_tag","embeddable":true,"href":"https:\/\/kimmidoll.hu\/en\/wp-json\/wp\/v2\/product_tag?post=1280"}],"curies":[{"name":"wp","href":"https:\/\/api.w.org\/{rel}","templated":true}]}}