{"id":1278,"date":"2016-10-14T14:30:06","date_gmt":"2016-10-14T14:30:06","guid":{"rendered":"http:\/\/kimmidoll.hu\/shop\/konyvjelzo-hiro\/"},"modified":"2020-07-29T18:03:59","modified_gmt":"2020-07-29T18:03:59","slug":"konyvjelzo-hiro","status":"publish","type":"product","link":"https:\/\/kimmidoll.hu\/en\/shop\/konyvjelzo-hiro\/","title":{"rendered":"k\u00f6nyvjelz\u0151 &#8211; Hiro"},"content":{"rendered":"<p>Kimmidoll k\u00f6nyvjelz\u0151 &#8211; Hiro<\/p>\n","protected":false},"excerpt":{"rendered":"<p>Bookmark &#8211; Hiro<\/p>\n","protected":false},"featured_media":1279,"comment_status":"closed","ping_status":"closed","template":"","meta":[],"product_cat":[92,86,56,22],"product_tag":[29],"aioseo_notices":[],"_links":{"self":[{"href":"https:\/\/kimmidoll.hu\/en\/wp-json\/wp\/v2\/product\/1278"}],"collection":[{"href":"https:\/\/kimmidoll.hu\/en\/wp-json\/wp\/v2\/product"}],"about":[{"href":"https:\/\/kimmidoll.hu\/en\/wp-json\/wp\/v2\/types\/product"}],"replies":[{"embeddable":true,"href":"https:\/\/kimmidoll.hu\/en\/wp-json\/wp\/v2\/comments?post=1278"}],"wp:featuredmedia":[{"embeddable":true,"href":"https:\/\/kimmidoll.hu\/en\/wp-json\/wp\/v2\/media\/1279"}],"wp:attachment":[{"href":"https:\/\/kimmidoll.hu\/en\/wp-json\/wp\/v2\/media?parent=1278"}],"wp:term":[{"taxonomy":"product_cat","embeddable":true,"href":"https:\/\/kimmidoll.hu\/en\/wp-json\/wp\/v2\/product_cat?post=1278"},{"taxonomy":"product_tag","embeddable":true,"href":"https:\/\/kimmidoll.hu\/en\/wp-json\/wp\/v2\/product_tag?post=1278"}],"curies":[{"name":"wp","href":"https:\/\/api.w.org\/{rel}","templated":true}]}}