{"id":1276,"date":"2016-10-14T14:26:16","date_gmt":"2016-10-14T14:26:16","guid":{"rendered":"http:\/\/kimmidoll.hu\/shop\/jegyzettomb-natsuki\/"},"modified":"2018-06-27T16:17:47","modified_gmt":"2018-06-27T16:17:47","slug":"jegyzettomb-natsuki","status":"publish","type":"product","link":"https:\/\/kimmidoll.hu\/en\/shop\/jegyzettomb-natsuki\/","title":{"rendered":"Jegyzett\u00f6mb &#8211; Natsuki"},"content":{"rendered":"<p>Kimmidoll Jegyzett\u00f6mb &#8211; Natsuki, M\u00e9ret: 10x10x4cm<\/p>\n","protected":false},"excerpt":{"rendered":"<p>Cube notepad &#8211; Natsuki<\/p>\n","protected":false},"featured_media":1277,"comment_status":"closed","ping_status":"closed","template":"","meta":[],"product_cat":[22],"product_tag":[29],"aioseo_notices":[],"_links":{"self":[{"href":"https:\/\/kimmidoll.hu\/en\/wp-json\/wp\/v2\/product\/1276"}],"collection":[{"href":"https:\/\/kimmidoll.hu\/en\/wp-json\/wp\/v2\/product"}],"about":[{"href":"https:\/\/kimmidoll.hu\/en\/wp-json\/wp\/v2\/types\/product"}],"replies":[{"embeddable":true,"href":"https:\/\/kimmidoll.hu\/en\/wp-json\/wp\/v2\/comments?post=1276"}],"wp:featuredmedia":[{"embeddable":true,"href":"https:\/\/kimmidoll.hu\/en\/wp-json\/wp\/v2\/media\/1277"}],"wp:attachment":[{"href":"https:\/\/kimmidoll.hu\/en\/wp-json\/wp\/v2\/media?parent=1276"}],"wp:term":[{"taxonomy":"product_cat","embeddable":true,"href":"https:\/\/kimmidoll.hu\/en\/wp-json\/wp\/v2\/product_cat?post=1276"},{"taxonomy":"product_tag","embeddable":true,"href":"https:\/\/kimmidoll.hu\/en\/wp-json\/wp\/v2\/product_tag?post=1276"}],"curies":[{"name":"wp","href":"https:\/\/api.w.org\/{rel}","templated":true}]}}