{"id":1274,"date":"2016-10-14T14:22:20","date_gmt":"2016-10-14T14:22:20","guid":{"rendered":"http:\/\/kimmidoll.hu\/shop\/jegyzettomb-honoka\/"},"modified":"2017-02-23T10:11:25","modified_gmt":"2017-02-23T10:11:25","slug":"jegyzettomb-honoka","status":"publish","type":"product","link":"https:\/\/kimmidoll.hu\/en\/shop\/jegyzettomb-honoka\/","title":{"rendered":"Jegyzett\u00f6mb &#8211; Honoka"},"content":{"rendered":"<p>Kimmidoll Jegyzett\u00f6mb &#8211; Honoka, M\u00e9ret: 10x10x4cm<\/p>\n","protected":false},"excerpt":{"rendered":"<p>Cube notepad &#8211; Honoka<\/p>\n","protected":false},"featured_media":1275,"comment_status":"closed","ping_status":"closed","template":"","meta":[],"product_cat":[22],"product_tag":[29],"aioseo_notices":[],"_links":{"self":[{"href":"https:\/\/kimmidoll.hu\/en\/wp-json\/wp\/v2\/product\/1274"}],"collection":[{"href":"https:\/\/kimmidoll.hu\/en\/wp-json\/wp\/v2\/product"}],"about":[{"href":"https:\/\/kimmidoll.hu\/en\/wp-json\/wp\/v2\/types\/product"}],"replies":[{"embeddable":true,"href":"https:\/\/kimmidoll.hu\/en\/wp-json\/wp\/v2\/comments?post=1274"}],"wp:featuredmedia":[{"embeddable":true,"href":"https:\/\/kimmidoll.hu\/en\/wp-json\/wp\/v2\/media\/1275"}],"wp:attachment":[{"href":"https:\/\/kimmidoll.hu\/en\/wp-json\/wp\/v2\/media?parent=1274"}],"wp:term":[{"taxonomy":"product_cat","embeddable":true,"href":"https:\/\/kimmidoll.hu\/en\/wp-json\/wp\/v2\/product_cat?post=1274"},{"taxonomy":"product_tag","embeddable":true,"href":"https:\/\/kimmidoll.hu\/en\/wp-json\/wp\/v2\/product_tag?post=1274"}],"curies":[{"name":"wp","href":"https:\/\/api.w.org\/{rel}","templated":true}]}}