{"id":1272,"date":"2016-10-14T14:15:24","date_gmt":"2016-10-14T14:15:24","guid":{"rendered":"http:\/\/kimmidoll.hu\/shop\/jegyzettomb-chikako\/"},"modified":"2016-12-19T14:35:02","modified_gmt":"2016-12-19T14:35:02","slug":"jegyzettomb-chikako","status":"publish","type":"product","link":"https:\/\/kimmidoll.hu\/en\/shop\/jegyzettomb-chikako\/","title":{"rendered":"Jegyzett\u00f6mb &#8211; Chikako"},"content":{"rendered":"<p>Kimmidoll Jegyzett\u00f6mb &#8211; Chikako, M\u00e9ret: 10x10x4cm<\/p>\n","protected":false},"excerpt":{"rendered":"<p>Cube notepad &#8211; Chikako<\/p>\n","protected":false},"featured_media":1273,"comment_status":"closed","ping_status":"closed","template":"","meta":[],"product_cat":[22],"product_tag":[29],"aioseo_notices":[],"_links":{"self":[{"href":"https:\/\/kimmidoll.hu\/en\/wp-json\/wp\/v2\/product\/1272"}],"collection":[{"href":"https:\/\/kimmidoll.hu\/en\/wp-json\/wp\/v2\/product"}],"about":[{"href":"https:\/\/kimmidoll.hu\/en\/wp-json\/wp\/v2\/types\/product"}],"replies":[{"embeddable":true,"href":"https:\/\/kimmidoll.hu\/en\/wp-json\/wp\/v2\/comments?post=1272"}],"wp:featuredmedia":[{"embeddable":true,"href":"https:\/\/kimmidoll.hu\/en\/wp-json\/wp\/v2\/media\/1273"}],"wp:attachment":[{"href":"https:\/\/kimmidoll.hu\/en\/wp-json\/wp\/v2\/media?parent=1272"}],"wp:term":[{"taxonomy":"product_cat","embeddable":true,"href":"https:\/\/kimmidoll.hu\/en\/wp-json\/wp\/v2\/product_cat?post=1272"},{"taxonomy":"product_tag","embeddable":true,"href":"https:\/\/kimmidoll.hu\/en\/wp-json\/wp\/v2\/product_tag?post=1272"}],"curies":[{"name":"wp","href":"https:\/\/api.w.org\/{rel}","templated":true}]}}