{"id":1270,"date":"2016-10-14T14:11:35","date_gmt":"2016-10-14T14:11:35","guid":{"rendered":"http:\/\/kimmidoll.hu\/shop\/jegyzet-fuzet-yuka\/"},"modified":"2022-04-12T18:09:41","modified_gmt":"2022-04-12T18:09:41","slug":"jegyzet-fuzet-yuka","status":"publish","type":"product","link":"https:\/\/kimmidoll.hu\/en\/shop\/jegyzet-fuzet-yuka\/","title":{"rendered":"Jegyzet f\u00fczet &#8211; Yuka"},"content":{"rendered":"<p>Kimmidoll Jegyzet f\u00fczet &#8211; Yuka &#8211; 13x18x1,8cm, 192 cs\u00edkozott oldal, v\u00e1szon bor\u00edt\u00e1s<\/p>\n","protected":false},"excerpt":{"rendered":"<p>notebook &#8211; Yuka<\/p>\n","protected":false},"featured_media":1271,"comment_status":"closed","ping_status":"closed","template":"","meta":[],"product_cat":[92,56],"product_tag":[93,57],"aioseo_notices":[],"_links":{"self":[{"href":"https:\/\/kimmidoll.hu\/en\/wp-json\/wp\/v2\/product\/1270"}],"collection":[{"href":"https:\/\/kimmidoll.hu\/en\/wp-json\/wp\/v2\/product"}],"about":[{"href":"https:\/\/kimmidoll.hu\/en\/wp-json\/wp\/v2\/types\/product"}],"replies":[{"embeddable":true,"href":"https:\/\/kimmidoll.hu\/en\/wp-json\/wp\/v2\/comments?post=1270"}],"wp:featuredmedia":[{"embeddable":true,"href":"https:\/\/kimmidoll.hu\/en\/wp-json\/wp\/v2\/media\/1271"}],"wp:attachment":[{"href":"https:\/\/kimmidoll.hu\/en\/wp-json\/wp\/v2\/media?parent=1270"}],"wp:term":[{"taxonomy":"product_cat","embeddable":true,"href":"https:\/\/kimmidoll.hu\/en\/wp-json\/wp\/v2\/product_cat?post=1270"},{"taxonomy":"product_tag","embeddable":true,"href":"https:\/\/kimmidoll.hu\/en\/wp-json\/wp\/v2\/product_tag?post=1270"}],"curies":[{"name":"wp","href":"https:\/\/api.w.org\/{rel}","templated":true}]}}