{"id":1268,"date":"2016-10-14T14:07:39","date_gmt":"2016-10-14T14:07:39","guid":{"rendered":"http:\/\/kimmidoll.hu\/shop\/jegyzet-fuzet-mizuyo\/"},"modified":"2022-04-12T18:09:52","modified_gmt":"2022-04-12T18:09:52","slug":"jegyzet-fuzet-mizuyo","status":"publish","type":"product","link":"https:\/\/kimmidoll.hu\/en\/shop\/jegyzet-fuzet-mizuyo\/","title":{"rendered":"Jegyzet f\u00fczet &#8211; Mizuyo"},"content":{"rendered":"<p>Kimmidoll Jegyzet f\u00fczet &#8211; Mizuyo &#8211; 13x18x1,8cm, 192 cs\u00edkozott oldal, v\u00e1szon bor\u00edt\u00e1s<\/p>\n","protected":false},"excerpt":{"rendered":"<p>notebook &#8211; Mizuyo<\/p>\n","protected":false},"featured_media":1269,"comment_status":"closed","ping_status":"closed","template":"","meta":[],"product_cat":[92,56],"product_tag":[93,57],"aioseo_notices":[],"_links":{"self":[{"href":"https:\/\/kimmidoll.hu\/en\/wp-json\/wp\/v2\/product\/1268"}],"collection":[{"href":"https:\/\/kimmidoll.hu\/en\/wp-json\/wp\/v2\/product"}],"about":[{"href":"https:\/\/kimmidoll.hu\/en\/wp-json\/wp\/v2\/types\/product"}],"replies":[{"embeddable":true,"href":"https:\/\/kimmidoll.hu\/en\/wp-json\/wp\/v2\/comments?post=1268"}],"wp:featuredmedia":[{"embeddable":true,"href":"https:\/\/kimmidoll.hu\/en\/wp-json\/wp\/v2\/media\/1269"}],"wp:attachment":[{"href":"https:\/\/kimmidoll.hu\/en\/wp-json\/wp\/v2\/media?parent=1268"}],"wp:term":[{"taxonomy":"product_cat","embeddable":true,"href":"https:\/\/kimmidoll.hu\/en\/wp-json\/wp\/v2\/product_cat?post=1268"},{"taxonomy":"product_tag","embeddable":true,"href":"https:\/\/kimmidoll.hu\/en\/wp-json\/wp\/v2\/product_tag?post=1268"}],"curies":[{"name":"wp","href":"https:\/\/api.w.org\/{rel}","templated":true}]}}