{"id":1264,"date":"2016-10-14T13:55:29","date_gmt":"2016-10-14T13:55:29","guid":{"rendered":"http:\/\/kimmidoll.hu\/shop\/jegyzet-fuzet-haruyo\/"},"modified":"2020-12-22T19:38:17","modified_gmt":"2020-12-22T19:38:17","slug":"jegyzet-fuzet-haruyo","status":"publish","type":"product","link":"https:\/\/kimmidoll.hu\/en\/shop\/jegyzet-fuzet-haruyo\/","title":{"rendered":"Jegyzet f\u00fczet &#8211; Haruyo"},"content":{"rendered":"<p>Kimmidoll Jegyzet f\u00fczet &#8211; Haruyo &#8211; 13x18x1,8cm, 192 cs\u00edkozott oldal, v\u00e1szon bor\u00edt\u00e1s<\/p>\n","protected":false},"excerpt":{"rendered":"<p>notebook &#8211; Haruyo<\/p>\n","protected":false},"featured_media":1265,"comment_status":"closed","ping_status":"closed","template":"","meta":[],"product_cat":[92,56],"product_tag":[93,57],"aioseo_notices":[],"_links":{"self":[{"href":"https:\/\/kimmidoll.hu\/en\/wp-json\/wp\/v2\/product\/1264"}],"collection":[{"href":"https:\/\/kimmidoll.hu\/en\/wp-json\/wp\/v2\/product"}],"about":[{"href":"https:\/\/kimmidoll.hu\/en\/wp-json\/wp\/v2\/types\/product"}],"replies":[{"embeddable":true,"href":"https:\/\/kimmidoll.hu\/en\/wp-json\/wp\/v2\/comments?post=1264"}],"wp:featuredmedia":[{"embeddable":true,"href":"https:\/\/kimmidoll.hu\/en\/wp-json\/wp\/v2\/media\/1265"}],"wp:attachment":[{"href":"https:\/\/kimmidoll.hu\/en\/wp-json\/wp\/v2\/media?parent=1264"}],"wp:term":[{"taxonomy":"product_cat","embeddable":true,"href":"https:\/\/kimmidoll.hu\/en\/wp-json\/wp\/v2\/product_cat?post=1264"},{"taxonomy":"product_tag","embeddable":true,"href":"https:\/\/kimmidoll.hu\/en\/wp-json\/wp\/v2\/product_tag?post=1264"}],"curies":[{"name":"wp","href":"https:\/\/api.w.org\/{rel}","templated":true}]}}