{"id":1262,"date":"2016-10-14T13:50:17","date_gmt":"2016-10-14T13:50:17","guid":{"rendered":"http:\/\/kimmidoll.hu\/shop\/fuzetek-kazumi\/"},"modified":"2019-06-17T17:42:40","modified_gmt":"2019-06-17T17:42:40","slug":"fuzetek-kazumi","status":"publish","type":"product","link":"https:\/\/kimmidoll.hu\/en\/shop\/fuzetek-kazumi\/","title":{"rendered":"F\u00fczetek &#8211; Kazumi"},"content":{"rendered":"<p>Kimmidoll F\u00fczetek &#8211; Kazumi &#8211; 3db kis alak\u00fa f\u00fczet \/1 sima, 2 cs\u00edkos<\/p>\n","protected":false},"excerpt":{"rendered":"<p>notebooks &#8211; Kazumi<\/p>\n","protected":false},"featured_media":1263,"comment_status":"closed","ping_status":"closed","template":"","meta":[],"product_cat":[22],"product_tag":[29],"aioseo_notices":[],"_links":{"self":[{"href":"https:\/\/kimmidoll.hu\/en\/wp-json\/wp\/v2\/product\/1262"}],"collection":[{"href":"https:\/\/kimmidoll.hu\/en\/wp-json\/wp\/v2\/product"}],"about":[{"href":"https:\/\/kimmidoll.hu\/en\/wp-json\/wp\/v2\/types\/product"}],"replies":[{"embeddable":true,"href":"https:\/\/kimmidoll.hu\/en\/wp-json\/wp\/v2\/comments?post=1262"}],"wp:featuredmedia":[{"embeddable":true,"href":"https:\/\/kimmidoll.hu\/en\/wp-json\/wp\/v2\/media\/1263"}],"wp:attachment":[{"href":"https:\/\/kimmidoll.hu\/en\/wp-json\/wp\/v2\/media?parent=1262"}],"wp:term":[{"taxonomy":"product_cat","embeddable":true,"href":"https:\/\/kimmidoll.hu\/en\/wp-json\/wp\/v2\/product_cat?post=1262"},{"taxonomy":"product_tag","embeddable":true,"href":"https:\/\/kimmidoll.hu\/en\/wp-json\/wp\/v2\/product_tag?post=1262"}],"curies":[{"name":"wp","href":"https:\/\/api.w.org\/{rel}","templated":true}]}}